{"id":10387,"date":"2025-06-25T21:07:14","date_gmt":"2025-06-25T19:07:14","guid":{"rendered":"https:\/\/sexshop24.com\/product\/pdx-male-masturbator-interaktywny-mowiacy-fuck-him-silly-penis-i-tylek\/"},"modified":"2025-07-19T22:28:01","modified_gmt":"2025-07-19T20:28:01","slug":"pdx-male-masturbator-interaktywny-mowiacy-fuck-him-silly-penis-i-tylek","status":"publish","type":"product","link":"https:\/\/sexshop24.net\/pl\/product\/pdx-male-masturbator-interaktywny-mowiacy-fuck-him-silly-penis-i-tylek\/","title":{"rendered":"PDX Male &#8211; Masturbator interaktywny m\u00f3wi\u0105cy, Fuck Him Silly, penis i ty\u0142ek"},"content":{"rendered":"<h2>Interaktywny masturbator m\u0119ski z anusem i penisem \u2013 DIRTY TALK<\/h2>\n<p>Poznaj swoj\u0105 idealn\u0105 zabaweczk\u0119, kt\u00f3ra chce z Tob\u0105 spro\u015bnie porozmawia\u0107. Czas co\u015b zmieni\u0107 dzi\u0119ki DIRTY TALK, pierwszemu interaktywnemu m\u0119skiemu masturbatorowi. \u0141\u0105cznie prawie 3 kg mi\u0119kkiego, przytulnego &#8222;cia\u0142a&#8221; Fanta Flesh z super gor\u0105cym m\u0119skim g\u0142osem i pot\u0119\u017cnymi wibracjami zapewniaj\u0105cymi niezapomniane wra\u017cenia zmys\u0142owe. Kiedy dotkniesz jego realistycznej sk\u00f3ry, twardego jak ska\u0142a penisa i us\u0142yszysz jego seksowny g\u0142os, nie b\u0119dziesz w stanie si\u0119 powstrzyma\u0107.<\/p>\n<p>Wyposa\u017cony w wbudowany, \u0142adowalny g\u0142o\u015bnik hi-fi, kt\u00f3ry zapewnia jego zniewalaj\u0105cy g\u0142os, nasza ekskluzywna technologia aktywowana ruchem pozwala temu ogierowi powiedzie\u0107 ci, jak dobrze si\u0119 czuje i co chce, \u017ceby\u015b mu zrobi\u0142 przy ka\u017cdym pchni\u0119ciu. Im szybciej uderzysz w jego ciasn\u0105 ma\u0142\u0105 dziurk\u0119, tym cz\u0119\u015bciej on krzyczy, j\u0119czy i b\u0142aga, aby\u015b dodatkowo stymulowa\u0142 jego penis.<\/p>\n<p>Dostarcza r\u00f3wnie\u017c intensywne wibracje za ka\u017cdym razem, gdy m\u00f3wi. U\u017cywaj\u0105c pot\u0119\u017cnego naboju wibracyjnego po\u0142\u0105czonego z wewn\u0119trznym czujnikiem ruchu, otrzymujesz jednoczesne wibracje przy ka\u017cdym wypowiadanym przez niego s\u0142owie i za ka\u017cdym razem, gdy uderzasz.<\/p>\n<p>Napieraj na jego ochocze wej\u015bcie i s\u0142uchaj, jak bardzo mu si\u0119 to podoba. Rozsu\u0144 jego policzki i wsu\u0144 si\u0119 do \u015brodka, aby uzyska\u0107 ciasny anal. Dirty Talk za ka\u017cdym razem zapewnia realistyczn\u0105 satysfakcj\u0119.<\/p>\n<h3>Funkcje i zalety:<\/h3>\n<ul>\n<li>G\u0142o\u015bnik Hi-Fi<\/li>\n<li>Zsynchronizowany pocisk wibracyjny<\/li>\n<li>Mo\u017cliwo\u015b\u0107 \u0142adowania przez USB<\/li>\n<li>Technologia \u201ebrudnej rozmowy\u201d aktywowana ruchem<\/li>\n<li>Ruchomy penis<\/li>\n<li>Stabilna konstrukcja<\/li>\n<\/ul>\n<h3>Instrukcje piel\u0119gnacji:<\/h3>\n<p>W\u0142\u0105czanie\/wy\u0142\u0105czanie: Przytrzymaj przycisk zasilania przez trzy sekundy, a Tw\u00f3j nowy przyjaciel przywita Ci\u0119 ciep\u0142ym pozdrowieniem. Wystarczy nacisn\u0105\u0107 przycisk zasilania, aby zwi\u0119kszy\u0107 g\u0142o\u015bno\u015b\u0107 i wybra\u0107 siedem ustawie\u0144 g\u0142o\u015bno\u015bci, a nast\u0119pnie nacisn\u0105\u0107 go ponownie, aby zmniejszy\u0107 g\u0142o\u015bno\u015b\u0107 i wybra\u0107 siedem ni\u017cszych ton\u00f3w. Kiedy sko\u0144czysz zabaw\u0119, przytrzymaj przycisk ponownie przez trzy sekundy, a on zako\u0144czy rozmow\u0119, wysy\u0142aj\u0105c kusz\u0105c\u0105 wiadomo\u015b\u0107 na po\u017cegnanie.<\/p>\n<h3>\u0141adowanie:<\/h3>\n<p>Pod\u0142\u0105cz do\u0142\u0105czony przew\u00f3d USB do tylnej cz\u0119\u015bci skrzynki g\u0142osowej, a drugi koniec do kompatybilnego \u017ar\u00f3d\u0142a zasilania. Czas \u0142adowania wynosi oko\u0142o 1,5 godziny. Czas trwania wynosi oko\u0142o 2 godzin.<\/p>\n<h3>Wymiary:<\/h3>\n<ul>\n<li>Ca\u0142kowita g\u0142\u0119boko\u015b\u0107 produktu: 9,5 cm<\/li>\n<li>Ca\u0142kowita szeroko\u015b\u0107 produktu: 35,6 cm<\/li>\n<li>Ca\u0142kowita d\u0142ugo\u015b\u0107 produktu: 27,9 cm<\/li>\n<li>Waga 4 kg<\/li>\n<li>Czas \u0142adowania: 90 min<\/li>\n<li>Czas trwania: 120 min<\/li>\n<\/ul>\n","protected":false},"excerpt":{"rendered":"<p>Interaktywny masturbator m\u0119ski z anusem i penisem \u2013 DIRTY TALK Poznaj swoj\u0105 idealn\u0105 zabaweczk\u0119, kt\u00f3ra chce z Tob\u0105 spro\u015bnie porozmawia\u0107. Czas co\u015b zmieni\u0107 dzi\u0119ki DIRTY TALK, pierwszemu interaktywnemu m\u0119skiemu masturbatorowi. \u0141\u0105cznie prawie 3 kg mi\u0119kkiego, przytulnego &#8222;cia\u0142a&#8221; Fanta Flesh z super gor\u0105cym m\u0119skim g\u0142osem i pot\u0119\u017cnymi wibracjami zapewniaj\u0105cymi niezapomniane wra\u017cenia zmys\u0142owe. Kiedy dotkniesz jego realistycznej [&hellip;]<\/p>\n","protected":false},"featured_media":10381,"template":"","meta":{"_monsterinsights_skip_tracking":false,"_monsterinsights_sitenote_active":false,"_monsterinsights_sitenote_note":"","_monsterinsights_sitenote_category":0},"product_brand":[109],"product_cat":[82,101],"product_tag":[],"class_list":{"0":"post-10387","1":"product","2":"type-product","3":"status-publish","4":"has-post-thumbnail","6":"product_brand-pipedream","7":"product_cat-sex-zabawki","8":"product_cat-lalki-i-duze-czesci","10":"first","11":"instock","12":"shipping-taxable","13":"purchasable","14":"product-type-simple"},"aioseo_notices":[],"_links":{"self":[{"href":"https:\/\/sexshop24.net\/pl\/wp-json\/wp\/v2\/product\/10387","targetHints":{"allow":["GET"]}}],"collection":[{"href":"https:\/\/sexshop24.net\/pl\/wp-json\/wp\/v2\/product"}],"about":[{"href":"https:\/\/sexshop24.net\/pl\/wp-json\/wp\/v2\/types\/product"}],"wp:featuredmedia":[{"embeddable":true,"href":"https:\/\/sexshop24.net\/pl\/wp-json\/wp\/v2\/media\/10381"}],"wp:attachment":[{"href":"https:\/\/sexshop24.net\/pl\/wp-json\/wp\/v2\/media?parent=10387"}],"wp:term":[{"taxonomy":"product_brand","embeddable":true,"href":"https:\/\/sexshop24.net\/pl\/wp-json\/wp\/v2\/product_brand?post=10387"},{"taxonomy":"product_cat","embeddable":true,"href":"https:\/\/sexshop24.net\/pl\/wp-json\/wp\/v2\/product_cat?post=10387"},{"taxonomy":"product_tag","embeddable":true,"href":"https:\/\/sexshop24.net\/pl\/wp-json\/wp\/v2\/product_tag?post=10387"}],"curies":[{"name":"wp","href":"https:\/\/api.w.org\/{rel}","templated":true}]}}