{"id":10918,"date":"2025-06-30T18:23:49","date_gmt":"2025-06-30T16:23:49","guid":{"rendered":"https:\/\/sexshop24.com\/product\/yesforlov-zel-wodny-na-bazie-alg-morskich-100-ml-naturalny-organiczny-z-4-swiezych-gatunkow-wodorostow\/"},"modified":"2025-08-01T13:26:22","modified_gmt":"2025-08-01T11:26:22","slug":"yesforlov-zel-wodny-na-bazie-alg-morskich-100-ml-naturalny-organiczny-z-4-swiezych-gatunkow-wodorostow","status":"publish","type":"product","link":"https:\/\/sexshop24.net\/pl\/product\/yesforlov-zel-wodny-na-bazie-alg-morskich-100-ml-naturalny-organiczny-z-4-swiezych-gatunkow-wodorostow\/","title":{"rendered":"YESforLOV \u017bel wodny na bazie alg morskich 100 ml, naturalny, organiczny z 4 \u015bwie\u017cych gatunk\u00f3w wodorost\u00f3w"},"content":{"rendered":"<h2>Naturalny, Organiczny, Izoosmotyczny \u017bel Nawil\u017caj\u0105cy YESforLOV na Bazie Alg<\/h2>\n<p>Ten naturalny, organiczny, izoosmotyczny \u017cel nawil\u017caj\u0105cy, bez gliceryny i pochodnych glikolu, niewidzialnie pie\u015bci Wasze tkanki, kiedy Wy pie\u015bcicie siebie.<\/p>\n<h3>Piel\u0119gnacja i nawil\u017canie na najwy\u017cszym poziomie<\/h3>\n<p>Dzia\u0142a z najwi\u0119ksz\u0105 delikatno\u015bci\u0105, skutecznie zwil\u017caj\u0105c i u\u0142atwiaj\u0105c aktywno\u015b\u0107 seksualn\u0105. Piel\u0119gnuje i g\u0142aszcze.<\/p>\n<h3>Dla kogo \u017cel wodny na bazie alg?<\/h3>\n<p>Przeznaczony jest dla ka\u017cdego, ale w szczeg\u00f3lno\u015bci dla:<\/p>\n<ul>\n<li>os\u00f3b z nadwra\u017cliwo\u015bci\u0105 na gliceryn\u0119<\/li>\n<li>os\u00f3b, kt\u00f3re chc\u0105 najbardziej naturalnej formu\u0142y kosmetyku<\/li>\n<li>os\u00f3b, kt\u00f3re obawiaj\u0105 si\u0119 wp\u0142ywu kosmetyk\u00f3w na swoje zdrowie<\/li>\n<li>os\u00f3b, kt\u00f3re chc\u0105 mie\u0107 zdrow\u0105 \u015bluz\u00f3wk\u0119<\/li>\n<\/ul>\n<h3>Bogactwo alg<\/h3>\n<p>To unikalny, naturalny \u017cel pozyskiwany z 4 \u015bwie\u017cych gatunk\u00f3w wodorost\u00f3w zebranych r\u0119cznie w Bretanii we Francji i otrzymanych w delikatnym procesie parowania i kondensacji.<\/p>\n<p>Zatrzymuj\u0105ce wod\u0119 w\u0142a\u015bciwo\u015bci alg (Wakame, Karagen, Ostrokrzew Czarny i Palmaria palmata) pomagaj\u0105 zag\u0119\u015bci\u0107 czyst\u0105 wod\u0119 i zast\u0105pi\u0107 gliceryn\u0119, zapewniaj\u0105c jednocze\u015bnie d\u0142ugotrwa\u0142y po\u015blizg i g\u0142adko\u015b\u0107.<\/p>\n<p>Nasze wodorosty zosta\u0142y wyselekcjonowane tak, aby zintensyfikowa\u0107 nawil\u017cenie, \u0142agodzi\u0107 i chroni\u0107 b\u0142ony \u015bluzowe przed dyskomfortem, stresem osmotycznym czy starzeniem si\u0119 kom\u00f3rek.<\/p>\n<h3>Eko-przyjazny i odpowiedzialny wyb\u00f3r!<\/h3>\n<p>YESforLOV jest zdeterminowany, by dba\u0107 o \u015brodowisko, dlatego dostarcza produkt w tubie pochodz\u0105cej z plastiku pochodzenia ro\u015blinnego, w 100% wykonanej z materia\u0142u recyklingowego oraz trzciny cukrowej (40% naturalny politen). Opakowanie wykonane z niezdobionego szarego papieru, kt\u00f3rego nie poddawano agresywnemu wybielaniu \u017cr\u0105cymi \u015brodkami, z nadrukiem wykonanym z ro\u015blinnych tuszy.<\/p>\n<p>Kompatybilny z gad\u017cetami i prezerwatywami.<\/p>\n<h3>Sk\u0142ad:<\/h3>\n<p>Aqua (water), carrageenan, citric acid, ascophyllum nodosum extract, palmaria palmata extract, undaria pinnatifida extract, xanthan gum, sodium benzoate, potassium aloe barbadensis leaf juice powder, sodium hydroxide, benzyl alcohol.<\/p>\n<p><i>Made in France<\/i><\/p>\n","protected":false},"excerpt":{"rendered":"<p>Naturalny, Organiczny, Izoosmotyczny \u017bel Nawil\u017caj\u0105cy YESforLOV na Bazie Alg Ten naturalny, organiczny, izoosmotyczny \u017cel nawil\u017caj\u0105cy, bez gliceryny i pochodnych glikolu, niewidzialnie pie\u015bci Wasze tkanki, kiedy Wy pie\u015bcicie siebie. Piel\u0119gnacja i nawil\u017canie na najwy\u017cszym poziomie Dzia\u0142a z najwi\u0119ksz\u0105 delikatno\u015bci\u0105, skutecznie zwil\u017caj\u0105c i u\u0142atwiaj\u0105c aktywno\u015b\u0107 seksualn\u0105. Piel\u0119gnuje i g\u0142aszcze. Dla kogo \u017cel wodny na bazie alg? Przeznaczony [&hellip;]<\/p>\n","protected":false},"featured_media":10912,"template":"","meta":{"_monsterinsights_skip_tracking":false,"_monsterinsights_sitenote_active":false,"_monsterinsights_sitenote_note":"","_monsterinsights_sitenote_category":0},"product_brand":[73],"product_cat":[87,90],"product_tag":[],"class_list":{"0":"post-10918","1":"product","2":"type-product","3":"status-publish","4":"has-post-thumbnail","6":"product_brand-yesforlov","7":"product_cat-afrodyzjaki-i-zele","8":"product_cat-zele-nawilzajace-lubrykanty","10":"first","11":"instock","12":"shipping-taxable","13":"purchasable","14":"product-type-simple"},"aioseo_notices":[],"_links":{"self":[{"href":"https:\/\/sexshop24.net\/pl\/wp-json\/wp\/v2\/product\/10918","targetHints":{"allow":["GET"]}}],"collection":[{"href":"https:\/\/sexshop24.net\/pl\/wp-json\/wp\/v2\/product"}],"about":[{"href":"https:\/\/sexshop24.net\/pl\/wp-json\/wp\/v2\/types\/product"}],"wp:featuredmedia":[{"embeddable":true,"href":"https:\/\/sexshop24.net\/pl\/wp-json\/wp\/v2\/media\/10912"}],"wp:attachment":[{"href":"https:\/\/sexshop24.net\/pl\/wp-json\/wp\/v2\/media?parent=10918"}],"wp:term":[{"taxonomy":"product_brand","embeddable":true,"href":"https:\/\/sexshop24.net\/pl\/wp-json\/wp\/v2\/product_brand?post=10918"},{"taxonomy":"product_cat","embeddable":true,"href":"https:\/\/sexshop24.net\/pl\/wp-json\/wp\/v2\/product_cat?post=10918"},{"taxonomy":"product_tag","embeddable":true,"href":"https:\/\/sexshop24.net\/pl\/wp-json\/wp\/v2\/product_tag?post=10918"}],"curies":[{"name":"wp","href":"https:\/\/api.w.org\/{rel}","templated":true}]}}