{"id":10923,"date":"2025-06-30T18:24:11","date_gmt":"2025-06-30T16:24:11","guid":{"rendered":"https:\/\/sexshop24.com\/product\/yesforlov-pianka-chrupiaca-do-masazu-150ml-chlodzi-pierwszym-dotykiem-musuje-i-strzela-pod-dlonia\/"},"modified":"2025-08-07T16:26:09","modified_gmt":"2025-08-07T14:26:09","slug":"yesforlov-pianka-chrupiaca-do-masazu-150ml-chlodzi-pierwszym-dotykiem-musuje-i-strzela-pod-dlonia","status":"publish","type":"product","link":"https:\/\/sexshop24.net\/pl\/product\/yesforlov-pianka-chrupiaca-do-masazu-150ml-chlodzi-pierwszym-dotykiem-musuje-i-strzela-pod-dlonia\/","title":{"rendered":"YESforLOV Pianka chrupi\u0105ca do masa\u017cu 150ml,  ch\u0142odzi pierwszym dotykiem, musuje i strzela pod d\u0142oni\u0105"},"content":{"rendered":"<h2>Musuj\u0105ca Pianka do Masa\u017cu YESforLOV<\/h2>\n<p>Pianka do masa\u017cu YESforLOV jest podniecaj\u0105ca i zmys\u0142owa. Emocjonuj\u0105co ch\u0142odzi pierwszym dotykiem, musuje i strzela pod d\u0142oni\u0105.<\/p>\n<p>Zostawia sk\u00f3r\u0119 pachn\u0105c\u0105 niezwykle zmys\u0142owo, g\u0142adk\u0105 i zapraszaj\u0105c\u0105 do g\u0142askania.<\/p>\n<p>Rozpocznij podr\u00f3\u017c na ob\u0142oku, gdzie pieszczoty s\u0105 tak ekscytuj\u0105ce, jak i delikatne, dzi\u0119ki nowej musuj\u0105cej i orze\u017awiaj\u0105cej pianie do masa\u017cu YESforLOV.<\/p>\n<p>Kremowa i otulaj\u0105ca tekstura pianki dostarcza sk\u00f3rze musuj\u0105cego uczucia, kt\u00f3re jest zar\u00f3wno ekscytuj\u0105ce, jak i orze\u017awiaj\u0105ce, podczas gdy kwiatowe, szafranowe i sk\u00f3rzane nuty ukrytych w piance perfum pomagaj\u0105 roznieci\u0107 te uczucia erotycznej nami\u0119tno\u015bci.<\/p>\n<p>Pozw\u00f3l tej musuj\u0105cej piance sta\u0107 si\u0119 olejkiem do masa\u017cu Twoich marze\u0144, aby\u015b m\u00f3g\u0142 cieszy\u0107 si\u0119 jej mi\u0119kk\u0105, zmys\u0142ow\u0105 i nienagann\u0105 tekstur\u0105 na ca\u0142ym swoim ciele.<\/p>\n<h2>Piramida zapachowa<\/h2>\n<ul>\n<li>Nuty g\u0142owy: Szafran, Kadzid\u0142o, Czarny Pieprz<\/li>\n<li>Nuty \u015brodkowe: Sk\u00f3ra, Labdanum<\/li>\n<li>Nuty bazowe: Cedr, Bursztyn, Ambra<\/li>\n<\/ul>\n<p>Nowy, sk\u00f3rzany zapach YESforLOV ukoi Ci\u0119 w erotycznym i cielesnym \u015bnie. Pe\u0142ne cia\u0142a i kwiat\u00f3w tony szafranu na pewno oczaruj\u0105 Ci\u0119 lekk\u0105 s\u0142odycz\u0105, kt\u00f3ra kontrastuje z dzikim i erotycznym bursztynem.<\/p>\n<p>Wreszcie sk\u00f3ra, b\u0119d\u0105ca g\u0142\u00f3wn\u0105 nut\u0105, zabierze Ci\u0119 w podr\u00f3\u017c, kt\u00f3ra sprawi, \u017ce poczujesz si\u0119, jakby\u015b by\u0142 pieszczony na ob\u0142oku.<\/p>\n<p>Odwa\u017cny, nieprzyzwoity zapach to wibracyjne crescendo, kt\u00f3re czyni zwyk\u0142e chwile niezwyk\u0142ymi.<\/p>\n<p>Doskona\u0142a do masa\u017cu g\u0142owy dla wielbicieli ASMR.<\/p>\n<p><b>PRO TIP:<\/b> Je\u015bli chcesz wzm\u00f3c efekt chrupania jeszcze bardziej, trzymaj piank\u0119 w lod\u00f3wce!<\/p>\n<h2>Sk\u0142ad<\/h2>\n<p>izobutan, woda, propan, cyklopentasiloksan, alcohol denat parfum, ppg-15 stearyl ether, hydroxyethylcellulose, ceteareth-20, butan, benzyl salicylate, hydroxycitronellal, linalool, hexyl cinnamal, alpha-isomethyl ionone, citronellol, coumarin, bht.<\/p>\n<p>Musuj\u0105ca pianka do masa\u017cu YESforLOV o odwa\u017cnym zapachu zosta\u0142a przetestowana pod kontrol\u0105 dermatologiczn\u0105. Dopasowana do wszystkich rodzaj\u00f3w sk\u00f3ry: normalnej, t\u0142ustej, suchej lub wra\u017cliwej. Kosmetowigilancja: Do chwili obecnej nie zg\u0142oszono \u017cadnych dzia\u0142a\u0144 niepo\u017c\u0105danych.<\/p>\n<p><span style=\"font-family: inherit;font-size: 20px;font-weight: 600\">Ostrze\u017cenia dotycz\u0105ce u\u017cycia<\/span><\/p>\n<ul>\n<li>Przed u\u017cyciem wstrz\u0105\u015bnij fiolk\u0105 energicznie, trzymaj\u0105c j\u0105 pionowo.<\/li>\n<li>Przeprowad\u017a test na ma\u0142ym obszarze sk\u00f3ry, aby unikn\u0105\u0107 ryzyka reakcji alergicznej.<\/li>\n<li>Je\u015bli zaczynasz odczuwa\u0107 sw\u0119dzenie, sp\u0142ucz produkt wod\u0105.<\/li>\n<li>Do intymnego masa\u017cu b\u0142on \u015bluzowych u\u017cyj \u017celu do masa\u017cu YESforLOV.<\/li>\n<li>Do u\u017cytku zewn\u0119trznego. Nie stosowa\u0107 na b\u0142ony \u015bluzowe intymne.<\/li>\n<li>Nie u\u017cywa\u0107 z prezerwatywami.<\/li>\n<li>Nie po\u0142yka\u0107. W przypadku po\u0142kni\u0119cia: opr\u00f3\u017cni\u0107 jam\u0119 ustn\u0105.<\/li>\n<li>W przypadku kontaktu z oczami: ostro\u017cnie przemy\u0107 wod\u0105 przez kilka minut. Je\u015bli masz soczewki kontaktowe i mo\u017cna je \u0142atwo zdj\u0105\u0107, usu\u0144 je. Kontynuuj p\u0142ukanie.<\/li>\n<\/ul>\n","protected":false},"excerpt":{"rendered":"<p>Musuj\u0105ca Pianka do Masa\u017cu YESforLOV Pianka do masa\u017cu YESforLOV jest podniecaj\u0105ca i zmys\u0142owa. Emocjonuj\u0105co ch\u0142odzi pierwszym dotykiem, musuje i strzela pod d\u0142oni\u0105. Zostawia sk\u00f3r\u0119 pachn\u0105c\u0105 niezwykle zmys\u0142owo, g\u0142adk\u0105 i zapraszaj\u0105c\u0105 do g\u0142askania. Rozpocznij podr\u00f3\u017c na ob\u0142oku, gdzie pieszczoty s\u0105 tak ekscytuj\u0105ce, jak i delikatne, dzi\u0119ki nowej musuj\u0105cej i orze\u017awiaj\u0105cej pianie do masa\u017cu YESforLOV. Kremowa i [&hellip;]<\/p>\n","protected":false},"featured_media":10919,"template":"","meta":{"_monsterinsights_skip_tracking":false,"_monsterinsights_sitenote_active":false,"_monsterinsights_sitenote_note":"","_monsterinsights_sitenote_category":0},"product_brand":[73],"product_cat":[87,89],"product_tag":[],"class_list":{"0":"post-10923","1":"product","2":"type-product","3":"status-publish","4":"has-post-thumbnail","6":"product_brand-yesforlov","7":"product_cat-afrodyzjaki-i-zele","8":"product_cat-olejki-do-masazu-i-swiece","10":"first","11":"instock","12":"shipping-taxable","13":"purchasable","14":"product-type-simple"},"aioseo_notices":[],"_links":{"self":[{"href":"https:\/\/sexshop24.net\/pl\/wp-json\/wp\/v2\/product\/10923","targetHints":{"allow":["GET"]}}],"collection":[{"href":"https:\/\/sexshop24.net\/pl\/wp-json\/wp\/v2\/product"}],"about":[{"href":"https:\/\/sexshop24.net\/pl\/wp-json\/wp\/v2\/types\/product"}],"wp:featuredmedia":[{"embeddable":true,"href":"https:\/\/sexshop24.net\/pl\/wp-json\/wp\/v2\/media\/10919"}],"wp:attachment":[{"href":"https:\/\/sexshop24.net\/pl\/wp-json\/wp\/v2\/media?parent=10923"}],"wp:term":[{"taxonomy":"product_brand","embeddable":true,"href":"https:\/\/sexshop24.net\/pl\/wp-json\/wp\/v2\/product_brand?post=10923"},{"taxonomy":"product_cat","embeddable":true,"href":"https:\/\/sexshop24.net\/pl\/wp-json\/wp\/v2\/product_cat?post=10923"},{"taxonomy":"product_tag","embeddable":true,"href":"https:\/\/sexshop24.net\/pl\/wp-json\/wp\/v2\/product_tag?post=10923"}],"curies":[{"name":"wp","href":"https:\/\/api.w.org\/{rel}","templated":true}]}}