{"id":11029,"date":"2025-07-01T17:44:05","date_gmt":"2025-07-01T15:44:05","guid":{"rendered":"https:\/\/sexshop24.com\/product\/king-cock-plus-dildo-trojwarstwowe-z-jadrami-i-przyssawka-25cm-bardzo-duze\/"},"modified":"2025-08-11T09:26:09","modified_gmt":"2025-08-11T07:26:09","slug":"king-cock-plus-dildo-trojwarstwowe-z-jadrami-i-przyssawka-25cm-bardzo-duze","status":"publish","type":"product","link":"https:\/\/sexshop24.net\/pl\/product\/king-cock-plus-dildo-trojwarstwowe-z-jadrami-i-przyssawka-25cm-bardzo-duze\/","title":{"rendered":"King Cock Plus &#8211; Dildo tr\u00f3jwarstwowe z j\u0105drami i przyssawk\u0105 25cm, bardzo du\u017ce"},"content":{"rendered":"<h2>Dildo King Cock Plus o potr\u00f3jnej g\u0119sto\u015bci<\/h2>\n<p><script src=\"https:\/\/embed.voomly.com\/embed\/embed-build.js\"><\/script><\/p>\n<div class=\"voomly-embed\" data-id=\"iQhWpUaVuMVdnh9YIG84kjKGSSwyazxwk3MJDBJMj8AWLmUwV\" data-ratio=\"1.777778\" data-type=\"v\" data-skin-color=\"rgba(33,150,243,1)\" data-shadow=\"\" style=\"width: 100%; aspect-ratio: 1.77778 \/ 1; background: linear-gradient(45deg, rgb(142, 150, 164) 0%, rgb(201, 208, 222) 100%); border-radius: 10px;\"><\/div>\n<p>Dildo <b>King Cock Plus<\/b> o potr\u00f3jnej g\u0119sto\u015bci jest wykonane z nowego i ulepszonego materia\u0142u Fanta Flesh, dzi\u0119ki czemu jest sztywne od wewn\u0105trz i mi\u0119kkie na zewn\u0105trz. Realistyczna zewn\u0119trzna sk\u00f3ra jest g\u0142adka w dotyku, podczas gdy wewn\u0119trzna cz\u0119\u015b\u0107 jest sztywna i zachowuje si\u0119 jak prawdziwy penis, sprawiaj\u0105c, \u017ce doznania s\u0105 bardzo realistyczne. Solidna przyssawka zosta\u0142a przeprojektowana pod k\u0105tem wi\u0119kszej przyczepno\u015bci, co zapewnia wi\u0119ksz\u0105 wszechstronno\u015b\u0107 i wygod\u0119 podczas u\u017cytkowania. Nowy kszta\u0142t przyssawki sprawia, \u017ce dilda King Cock Plus s\u0105 kompatybilne z uprz\u0119\u017c\u0105.<\/p>\n<ul>\n<li>bardzo realistyczne<\/li>\n<li>3 warstwy<\/li>\n<li>mi\u0119kka sk\u00f3ra na zewn\u0105trz i sztywny trzon wewn\u0105trz<\/li>\n<li>s\u0142abszy zapach materia\u0142u<\/li>\n<li>przeprojektowana przyssawka<\/li>\n<li>kompatybilne z uprz\u0119\u017c\u0105<\/li>\n<\/ul>\n<h3>Wymiary:<\/h3>\n<ul>\n<li>d\u0142ugo\u015b\u0107: 25,5 cm<\/li>\n<li>d\u0142ugo\u015b\u0107 penetracyjna: 18,5 cm<\/li>\n<li>\u015brednica: 5 cm<\/li>\n<\/ul>\n","protected":false},"excerpt":{"rendered":"<p>Dildo King Cock Plus o potr\u00f3jnej g\u0119sto\u015bci Dildo King Cock Plus o potr\u00f3jnej g\u0119sto\u015bci jest wykonane z nowego i ulepszonego materia\u0142u Fanta Flesh, dzi\u0119ki czemu jest sztywne od wewn\u0105trz i mi\u0119kkie na zewn\u0105trz. Realistyczna zewn\u0119trzna sk\u00f3ra jest g\u0142adka w dotyku, podczas gdy wewn\u0119trzna cz\u0119\u015b\u0107 jest sztywna i zachowuje si\u0119 jak prawdziwy penis, sprawiaj\u0105c, \u017ce doznania [&hellip;]<\/p>\n","protected":false},"featured_media":11021,"template":"","meta":{"_monsterinsights_skip_tracking":false,"_monsterinsights_sitenote_active":false,"_monsterinsights_sitenote_note":"","_monsterinsights_sitenote_category":0},"product_brand":[109],"product_cat":[104,82],"product_tag":[111],"class_list":{"0":"post-11029","1":"product","2":"type-product","3":"status-publish","4":"has-post-thumbnail","6":"product_brand-pipedream","7":"product_cat-dilda-i-penisy","8":"product_cat-sex-zabawki","9":"product_tag-video","11":"first","12":"instock","13":"shipping-taxable","14":"purchasable","15":"product-type-simple"},"aioseo_notices":[],"_links":{"self":[{"href":"https:\/\/sexshop24.net\/pl\/wp-json\/wp\/v2\/product\/11029","targetHints":{"allow":["GET"]}}],"collection":[{"href":"https:\/\/sexshop24.net\/pl\/wp-json\/wp\/v2\/product"}],"about":[{"href":"https:\/\/sexshop24.net\/pl\/wp-json\/wp\/v2\/types\/product"}],"wp:featuredmedia":[{"embeddable":true,"href":"https:\/\/sexshop24.net\/pl\/wp-json\/wp\/v2\/media\/11021"}],"wp:attachment":[{"href":"https:\/\/sexshop24.net\/pl\/wp-json\/wp\/v2\/media?parent=11029"}],"wp:term":[{"taxonomy":"product_brand","embeddable":true,"href":"https:\/\/sexshop24.net\/pl\/wp-json\/wp\/v2\/product_brand?post=11029"},{"taxonomy":"product_cat","embeddable":true,"href":"https:\/\/sexshop24.net\/pl\/wp-json\/wp\/v2\/product_cat?post=11029"},{"taxonomy":"product_tag","embeddable":true,"href":"https:\/\/sexshop24.net\/pl\/wp-json\/wp\/v2\/product_tag?post=11029"}],"curies":[{"name":"wp","href":"https:\/\/api.w.org\/{rel}","templated":true}]}}