{"id":11067,"date":"2025-07-01T19:51:02","date_gmt":"2025-07-01T17:51:02","guid":{"rendered":"https:\/\/sexshop24.com\/product\/king-cock-plus-realistyczny-wibrator-posuwisty-z-jadrami-dlugosc-19cm-ruch-posuwisty-25cm-wibracje-7-poziomow-podgrzewanie-do-temp-ciala-kolor-brazowy\/"},"modified":"2025-07-19T22:29:02","modified_gmt":"2025-07-19T20:29:02","slug":"king-cock-plus-realistyczny-wibrator-posuwisty-z-jadrami-dlugosc-19cm-ruch-posuwisty-25cm-wibracje-7-poziomow-podgrzewanie-do-temp-ciala-kolor-brazowy","status":"publish","type":"product","link":"https:\/\/sexshop24.net\/pl\/product\/king-cock-plus-realistyczny-wibrator-posuwisty-z-jadrami-dlugosc-19cm-ruch-posuwisty-25cm-wibracje-7-poziomow-podgrzewanie-do-temp-ciala-kolor-brazowy\/","title":{"rendered":"King Cock Plus &#8211; Realistyczny wibrator posuwisty z j\u0105drami. D\u0142ugo\u015b\u0107 19cm, ruch posuwisty 2,5cm, wibracje 7 poziom\u00f3w, podgrzewanie do temp. cia\u0142a, kolor br\u0105zowy"},"content":{"rendered":"<h2>Wibrator King Cock Plus z j\u0105drami &#8211; z ruchem posuwistym 2,5 cm<\/h2>\n<p><script src=\"https:\/\/embed.voomly.com\/embed\/embed-build.js\"><\/script><\/p>\n<div class=\"voomly-embed\" data-id=\"2NkJRxJdtsHrAhQQf2Ik4PTmBVUdcUt-RopRMFdkHPdfslIFD\" data-ratio=\"1.777778\" data-type=\"v\" data-skin-color=\"rgba(33,150,243,1)\" data-shadow=\"\" style=\"width: 100%; aspect-ratio: 1.77778 \/ 1; background: linear-gradient(45deg, rgb(142, 150, 164) 0%, rgb(201, 208, 222) 100%); border-radius: 10px;\"><\/div>\n<p>Wibrator <b>King Cock Plus<\/b> z j\u0105drami to prawdziwe trio \u2013 ruch posuwisty, rozgrzewanie do temperatury cia\u0142a oraz pot\u0119\u017cne, stymuluj\u0105ce wibracje zapewniaj\u0105ce najlepsze wra\u017cenia. Ruch posuwisty w naturalny spos\u00f3b masuje Ci\u0119 tak, jak tylko zechcesz \u2013 szybko lub wolno.<\/p>\n<p>Naci\u015bni\u0119cie przycisku aktywuje 7 unikalnych funkcji silnika, kt\u00f3ry jest strategicznie umieszczony na ko\u0144c\u00f3wce wibratora, by precyzyjnie dostarcza\u0107 przyjemno\u015b\u0107. Dla optymalnej stymulacji dynamiczne wibracje w po\u0142\u0105czeniu z responsywnym ruchem pchania i temperatur\u0105 daj\u0105 za ka\u017cdym razem wybuchowy orgazm!<\/p>\n<ul>\n<li>ruch posuwisty do 2,5 cm g\u0142\u0119boko\u015bci<\/li>\n<li>7 poziom\u00f3w wibracji<\/li>\n<li>szybko nagrzewa si\u0119 do temperatury cia\u0142a<\/li>\n<li>regulowana pr\u0119dko\u015b\u0107<\/li>\n<li>\u0142adowanie USB<\/li>\n<\/ul>\n<p>Pchanie, rozgrzewanie i wibracje mog\u0105 by\u0107 u\u017cywane niezale\u017cnie lub w po\u0142\u0105czeniu ze sob\u0105, aby zapewni\u0107 najlepsze wra\u017cenia<\/p>\n<h3>Funkcje:<\/h3>\n<ul>\n<li><b>Pchanie:<\/b> Naci\u015bnij i przytrzymaj przycisk pchni\u0119cia przez 3 sekundy, aby rozpocz\u0105\u0107 pchni\u0119cie. Naci\u015bnij przycisk pchania, aby prze\u0142\u0105cza\u0107 si\u0119 pomi\u0119dzy 7 funkcjami pchania. Naci\u015bnij i przytrzymaj ponownie, aby wy\u0142\u0105czy\u0107.<\/li>\n<li><b>Rozgrzewanie:<\/b> Naci\u015bnij i przytrzymaj przycisk podgrzewania przez 3 sekundy, aby uruchomi\u0107 funkcj\u0119 podgrzewania. Pozostaw urz\u0105dzenie na kilka minut, aby ogrza\u0142o si\u0119 do temperatury cia\u0142a. Naci\u015bnij i przytrzymaj ponownie, aby wy\u0142\u0105czy\u0107.<\/li>\n<li><b>Wibracja:<\/b> Naci\u015bnij i przytrzymaj przycisk wibracji przez 3 sekundy, aby rozpocz\u0105\u0107 wibracj\u0119. Naci\u015bnij przycisk wibracji, aby prze\u0142\u0105cza\u0107 si\u0119 pomi\u0119dzy 3 pr\u0119dko\u015bciami i 4 trybami wibracji. Naci\u015bnij i przytrzymaj ponownie, aby wy\u0142\u0105czy\u0107.<\/li>\n<\/ul>\n<p><b>UWAGA! Nie zanurzaj gad\u017cetu pod wod\u0105!<\/b><\/p>\n<h3>Wymiary:<\/h3>\n<ul>\n<li>d\u0142ugo\u015b\u0107: 29,7 cm<\/li>\n<li>d\u0142ugo\u015b\u0107 penetracyjna: 16,5 cm<\/li>\n<li>\u015brednica: 5,5 cm<\/li>\n<\/ul>\n","protected":false},"excerpt":{"rendered":"<p>Wibrator King Cock Plus z j\u0105drami &#8211; z ruchem posuwistym 2,5 cm Wibrator King Cock Plus z j\u0105drami to prawdziwe trio \u2013 ruch posuwisty, rozgrzewanie do temperatury cia\u0142a oraz pot\u0119\u017cne, stymuluj\u0105ce wibracje zapewniaj\u0105ce najlepsze wra\u017cenia. Ruch posuwisty w naturalny spos\u00f3b masuje Ci\u0119 tak, jak tylko zechcesz \u2013 szybko lub wolno. Naci\u015bni\u0119cie przycisku aktywuje 7 unikalnych [&hellip;]<\/p>\n","protected":false},"featured_media":11058,"template":"","meta":{"_monsterinsights_skip_tracking":false,"_monsterinsights_sitenote_active":false,"_monsterinsights_sitenote_note":"","_monsterinsights_sitenote_category":0},"product_brand":[109],"product_cat":[82,96],"product_tag":[111],"class_list":{"0":"post-11067","1":"product","2":"type-product","3":"status-publish","4":"has-post-thumbnail","6":"product_brand-pipedream","7":"product_cat-sex-zabawki","8":"product_cat-sex-maszyny","9":"product_tag-video","11":"first","12":"instock","13":"shipping-taxable","14":"purchasable","15":"product-type-simple"},"aioseo_notices":[],"_links":{"self":[{"href":"https:\/\/sexshop24.net\/pl\/wp-json\/wp\/v2\/product\/11067","targetHints":{"allow":["GET"]}}],"collection":[{"href":"https:\/\/sexshop24.net\/pl\/wp-json\/wp\/v2\/product"}],"about":[{"href":"https:\/\/sexshop24.net\/pl\/wp-json\/wp\/v2\/types\/product"}],"wp:featuredmedia":[{"embeddable":true,"href":"https:\/\/sexshop24.net\/pl\/wp-json\/wp\/v2\/media\/11058"}],"wp:attachment":[{"href":"https:\/\/sexshop24.net\/pl\/wp-json\/wp\/v2\/media?parent=11067"}],"wp:term":[{"taxonomy":"product_brand","embeddable":true,"href":"https:\/\/sexshop24.net\/pl\/wp-json\/wp\/v2\/product_brand?post=11067"},{"taxonomy":"product_cat","embeddable":true,"href":"https:\/\/sexshop24.net\/pl\/wp-json\/wp\/v2\/product_cat?post=11067"},{"taxonomy":"product_tag","embeddable":true,"href":"https:\/\/sexshop24.net\/pl\/wp-json\/wp\/v2\/product_tag?post=11067"}],"curies":[{"name":"wp","href":"https:\/\/api.w.org\/{rel}","templated":true}]}}