{"id":11261,"date":"2025-07-03T14:03:00","date_gmt":"2025-07-03T12:03:00","guid":{"rendered":"https:\/\/sexshop24.com\/product\/masazer-prostaty-wibrujacy-fun-factory-duke-czarny-silikonowy-srednica-39cm\/"},"modified":"2025-08-07T18:25:40","modified_gmt":"2025-08-07T16:25:40","slug":"masazer-prostaty-wibrujacy-fun-factory-duke-czarny-silikonowy-srednica-39cm","status":"publish","type":"product","link":"https:\/\/sexshop24.net\/pl\/product\/masazer-prostaty-wibrujacy-fun-factory-duke-czarny-silikonowy-srednica-39cm\/","title":{"rendered":"Masa\u017cer prostaty wibruj\u0105cy Fun Factory Duke czarny, silikonowy, \u015brednica 3,9cm"},"content":{"rendered":"<h2>Fun Factory Duke &#8211; Ksi\u0105\u017c\u0119ca stymulacja prostaty, idealny do g\u0142\u0119bokiej stymulacji<\/h2>\n<p>Rozkosz analna nie mo\u017ce by\u0107 bardziej elegancka ni\u017c zabawa z DUKE-iem. Stymulator prostaty, kt\u00f3ry serwuje wyj\u0105tkowe doznania m\u0119\u017cczyznom. Idealnie dosi\u0119ga prostaty, masuj\u0105c dobrze dopasowanymi wibracjami. Mi\u0119kko\u015b\u0107 silikonu powoduje, \u017ce DUKE jest ekstremalnie wygodny, dlatego mo\u017cesz swobodnie u\u017cywa\u0107 go podczas intensywnych pieszczot w parze.<\/p>\n<p>Nawet je\u015bli od czasu do czasu schodzimy z drogi chwa\u0142y i rozs\u0105dku, jedno pozostaje pewne: nie powinni\u015bmy oddawa\u0107 naszego po\u017c\u0105dania w jakiekolwiek r\u0119ce. To powinien by\u0107 kto\u015b, kto wie co robi, kto ma to co\u015b i potrafi da\u0107 nam tyle samo nami\u0119tno\u015bci, co delikatno\u015bci. Kiedy spe\u0142niamy swoje dzikie fantazje, potrzebujemy czu\u0107 si\u0119 po kr\u00f3lewsku. Dlatego Fun Factory stworzy\u0142a DUKE&#8217;a, kt\u00f3ry pomo\u017ce Ci spe\u0142ni\u0107 najg\u0142\u0119bsze fantazje z uczuciem do\u015bwiadczania czego\u015b wyj\u0105tkowego i luksusowego. Wygodny stymulator zaprojektowano tak, by wygodnie otula\u0142 krocze i mocno dociska\u0142 prostat\u0119, bez uczucia najmniejszego dyskomfortu. Ten gad\u017cet mo\u017cesz w\u0142\u0105czy\u0107 w gr\u0119 erotyczn\u0105 i zabaw\u0119 w parze, intensywna stymulacja prostaty zapewni niewiarygodnie mocn\u0105 erekcj\u0119 i doznania, kt\u00f3re mo\u017cliwe s\u0105 tylko z DUKE&#8217;iem. Korzystaj\u0105c z DUKE&#8217;a podczas stosunku mo\u017cesz intensywnie wzmocni\u0107 erekcj\u0119 oraz zwi\u0119kszy\u0107 intensywno\u015b\u0107 orgazmu.<\/p>\n<ul>\n<li>Stymulator prostaty<\/li>\n<li>M\u0119ska rozkosz na wy\u017cszym poziomie<\/li>\n<li>Unikalny kszta\u0142t do stymulacji perineum<\/li>\n<li>Wyjmowalny nab\u00f3j z intensywnymi wibracjami<\/li>\n<li>2 pr\u0119dko\u015bci wibracji i 3 tryby stymulacji<\/li>\n<li>\u0141adowany \u0142adowark\u0105<\/li>\n<li>Podniecenie wynikaj\u0105ce z wype\u0142nienia<\/li>\n<li>Niewiarygodne orgazmy i wi\u0119ksze libido<\/li>\n<li>D\u0142ugo\u015b\u0107: 16,7 cm; \u015arednica: 3,9 cm; Waga: 143 g<\/li>\n<\/ul>\n<h3>Cechy produktu<\/h3>\n<ul>\n<li>Mocny, cichy, d\u0142ugodzia\u0142aj\u0105cy silnik<\/li>\n<li>\u0141adowany kabelkiem z ko\u0144c\u00f3wk\u0105 magnetyczn\u0105 CLICK&#8217;N&#8217;CHARGE<\/li>\n<li>Wyprodukowany w Niemczech<\/li>\n<li>100% wodoodporny<\/li>\n<li>Wykonany z silikonu medycznego<\/li>\n<\/ul>\n<h3>100% wodoodporno\u015bci<\/h3>\n<p>Wibrator, kt\u00f3ry mo\u017cesz zabra\u0107 ze sob\u0105 do k\u0105pieli, zanurzy\u0107 si\u0119 w rozkoszy i wodzie to fantazja, kt\u00f3ra dzi\u0119ki doskona\u0142ej technologii teraz jest na wyci\u0105gni\u0119cie r\u0119ki.<\/p>\n<ul>\n<li><b>WODOODPORNY<\/b>: w pe\u0142ni wodoodporny do zanurzania w wodzie.<\/li>\n<li><b>ZASILANIE<\/b>: wbudowana bateria zasilana \u0142adowark\u0105 oryginalnego systemu CLICK&#8217;N&#8217;CHARGE ze z\u0142\u0105czem magnetycznym.<\/li>\n<li><b>MADE IN GERMANY<\/b>: gad\u017cet stworzony i produkowany w Bremie, w Niemczech.<\/li>\n<li><b>BEZPIECZNY SILIKON<\/b>: gad\u017cety Fun Factory stworzone s\u0105 z medycznego silikonu, bezpiecznego dla cia\u0142a.<\/li>\n<li><b>MYCIE I HIGIENA<\/b>: uwa\u017cnie umyj gad\u017cet przed pierwszym u\u017cyciem oraz po ka\u017cdym u\u017cyciu ciep\u0142\u0105 wod\u0105 i delikatnym myd\u0142em. U\u017cyj CLEANER Fun Factory, je\u015bli chcesz dok\u0142adnie umy\u0107 gad\u017cet lub u\u017cy\u0107 go do umycia stref intymnych.<\/li>\n<li><b>UWAGA<\/b>: u\u017cywanie olejk\u00f3w, krem\u00f3w, balsam\u00f3w na bazie t\u0142uszczu mo\u017ce nieodwracalnie uszkodzi\u0107 panel sterowania i ca\u0142y gad\u017cet. Zasilany akumulatorem, kt\u00f3ry podlega procesowi utylizacji. s\u0105 w najlepszych sklepach erotycznych i na oficjalnej stronie Fun Factory.<\/li>\n<\/ul>\n","protected":false},"excerpt":{"rendered":"<p>Fun Factory Duke &#8211; Ksi\u0105\u017c\u0119ca stymulacja prostaty, idealny do g\u0142\u0119bokiej stymulacji Rozkosz analna nie mo\u017ce by\u0107 bardziej elegancka ni\u017c zabawa z DUKE-iem. Stymulator prostaty, kt\u00f3ry serwuje wyj\u0105tkowe doznania m\u0119\u017cczyznom. Idealnie dosi\u0119ga prostaty, masuj\u0105c dobrze dopasowanymi wibracjami. Mi\u0119kko\u015b\u0107 silikonu powoduje, \u017ce DUKE jest ekstremalnie wygodny, dlatego mo\u017cesz swobodnie u\u017cywa\u0107 go podczas intensywnych pieszczot w parze. Nawet [&hellip;]<\/p>\n","protected":false},"featured_media":11253,"template":"","meta":{"_monsterinsights_skip_tracking":false,"_monsterinsights_sitenote_active":false,"_monsterinsights_sitenote_note":"","_monsterinsights_sitenote_category":0},"product_brand":[84],"product_cat":[82,56],"product_tag":[],"class_list":{"0":"post-11261","1":"product","2":"type-product","3":"status-publish","4":"has-post-thumbnail","6":"product_brand-fun-factory","7":"product_cat-sex-zabawki","8":"product_cat-masazery-prostaty","10":"first","11":"instock","12":"shipping-taxable","13":"purchasable","14":"product-type-simple"},"aioseo_notices":[],"_links":{"self":[{"href":"https:\/\/sexshop24.net\/pl\/wp-json\/wp\/v2\/product\/11261","targetHints":{"allow":["GET"]}}],"collection":[{"href":"https:\/\/sexshop24.net\/pl\/wp-json\/wp\/v2\/product"}],"about":[{"href":"https:\/\/sexshop24.net\/pl\/wp-json\/wp\/v2\/types\/product"}],"wp:featuredmedia":[{"embeddable":true,"href":"https:\/\/sexshop24.net\/pl\/wp-json\/wp\/v2\/media\/11253"}],"wp:attachment":[{"href":"https:\/\/sexshop24.net\/pl\/wp-json\/wp\/v2\/media?parent=11261"}],"wp:term":[{"taxonomy":"product_brand","embeddable":true,"href":"https:\/\/sexshop24.net\/pl\/wp-json\/wp\/v2\/product_brand?post=11261"},{"taxonomy":"product_cat","embeddable":true,"href":"https:\/\/sexshop24.net\/pl\/wp-json\/wp\/v2\/product_cat?post=11261"},{"taxonomy":"product_tag","embeddable":true,"href":"https:\/\/sexshop24.net\/pl\/wp-json\/wp\/v2\/product_tag?post=11261"}],"curies":[{"name":"wp","href":"https:\/\/api.w.org\/{rel}","templated":true}]}}