{"id":12136,"date":"2025-07-08T15:07:23","date_gmt":"2025-07-08T13:07:23","guid":{"rendered":"https:\/\/sexshop24.com\/product\/pdx-extreme-pochwa-z-pompka-sciskajaca-super-cyber-snatch-rozowa-dlugosc-19cm-szerokosc-64cm\/"},"modified":"2025-07-19T22:30:11","modified_gmt":"2025-07-19T20:30:11","slug":"pdx-extreme-pochwa-z-pompka-sciskajaca-super-cyber-snatch-rozowa-dlugosc-19cm-szerokosc-64cm","status":"publish","type":"product","link":"https:\/\/sexshop24.net\/pl\/product\/pdx-extreme-pochwa-z-pompka-sciskajaca-super-cyber-snatch-rozowa-dlugosc-19cm-szerokosc-64cm\/","title":{"rendered":"PDX Extreme &#8211; Pochwa z pompk\u0105 \u015bciskaj\u0105c\u0105 Super Cyber Snatch r\u00f3\u017cowa, d\u0142ugo\u015b\u0107 19cm, szeroko\u015b\u0107 6,4cm"},"content":{"rendered":"<h2>Pompuj\u0105ca, Ss\u0105ca \u017belowa Cipka \u2013 Niezapomniane Doznania<\/h2>\n<p>Pompuj\u0105ca, doskona\u0142a, ss\u0105ca d\u0142uga cipka z \u017celu \u2013 nie b\u0119dziesz chcia\u0142 si\u0119 jej pozby\u0107!<\/p>\n<ul>\n<li>Elastyczna.<\/li>\n<li>\u017belowa\/jelly.<\/li>\n<li>Bez ftalan\u00f3w.<\/li>\n<\/ul>\n<p>Po u\u017cyciu nale\u017cy gad\u017cet umy\u0107 \u015brodkiem do czyszczenia gad\u017cet\u00f3w erotycznych i ciep\u0142\u0105 wod\u0105 (zw\u0142aszcza kana\u0142).<\/p>\n<h3>Parametry techniczne:<\/h3>\n<ul>\n<li>D\u0142ugo\u015b\u0107: 191 mm.<\/li>\n<li>Szeroko\u015b\u0107: 64 mm.<\/li>\n<li>Wysoko\u015b\u0107: 51 mm.<\/li>\n<\/ul>\n","protected":false},"excerpt":{"rendered":"<p>Pompuj\u0105ca, Ss\u0105ca \u017belowa Cipka \u2013 Niezapomniane Doznania Pompuj\u0105ca, doskona\u0142a, ss\u0105ca d\u0142uga cipka z \u017celu \u2013 nie b\u0119dziesz chcia\u0142 si\u0119 jej pozby\u0107! Elastyczna. \u017belowa\/jelly. Bez ftalan\u00f3w. Po u\u017cyciu nale\u017cy gad\u017cet umy\u0107 \u015brodkiem do czyszczenia gad\u017cet\u00f3w erotycznych i ciep\u0142\u0105 wod\u0105 (zw\u0142aszcza kana\u0142). Parametry techniczne: D\u0142ugo\u015b\u0107: 191 mm. Szeroko\u015b\u0107: 64 mm. Wysoko\u015b\u0107: 51 mm.<\/p>\n","protected":false},"featured_media":12132,"template":"","meta":{"_monsterinsights_skip_tracking":false,"_monsterinsights_sitenote_active":false,"_monsterinsights_sitenote_note":"","_monsterinsights_sitenote_category":0},"product_brand":[109],"product_cat":[82,100],"product_tag":[],"class_list":{"0":"post-12136","1":"product","2":"type-product","3":"status-publish","4":"has-post-thumbnail","6":"product_brand-pipedream","7":"product_cat-sex-zabawki","8":"product_cat-masturbatory-i-pochwy","10":"first","11":"instock","12":"shipping-taxable","13":"purchasable","14":"product-type-simple"},"aioseo_notices":[],"_links":{"self":[{"href":"https:\/\/sexshop24.net\/pl\/wp-json\/wp\/v2\/product\/12136","targetHints":{"allow":["GET"]}}],"collection":[{"href":"https:\/\/sexshop24.net\/pl\/wp-json\/wp\/v2\/product"}],"about":[{"href":"https:\/\/sexshop24.net\/pl\/wp-json\/wp\/v2\/types\/product"}],"wp:featuredmedia":[{"embeddable":true,"href":"https:\/\/sexshop24.net\/pl\/wp-json\/wp\/v2\/media\/12132"}],"wp:attachment":[{"href":"https:\/\/sexshop24.net\/pl\/wp-json\/wp\/v2\/media?parent=12136"}],"wp:term":[{"taxonomy":"product_brand","embeddable":true,"href":"https:\/\/sexshop24.net\/pl\/wp-json\/wp\/v2\/product_brand?post=12136"},{"taxonomy":"product_cat","embeddable":true,"href":"https:\/\/sexshop24.net\/pl\/wp-json\/wp\/v2\/product_cat?post=12136"},{"taxonomy":"product_tag","embeddable":true,"href":"https:\/\/sexshop24.net\/pl\/wp-json\/wp\/v2\/product_tag?post=12136"}],"curies":[{"name":"wp","href":"https:\/\/api.w.org\/{rel}","templated":true}]}}