{"id":12164,"date":"2025-07-08T15:23:13","date_gmt":"2025-07-08T13:23:13","guid":{"rendered":"https:\/\/sexshop24.com\/product\/pdx-extreme-masturbator-dwustronny-pochwa-i-anus-cielisty-dwa-otwory-dlugosc-15cm\/"},"modified":"2025-07-19T22:30:16","modified_gmt":"2025-07-19T20:30:16","slug":"pdx-extreme-masturbator-dwustronny-pochwa-i-anus-cielisty-dwa-otwory-dlugosc-15cm","status":"publish","type":"product","link":"https:\/\/sexshop24.net\/pl\/product\/pdx-extreme-masturbator-dwustronny-pochwa-i-anus-cielisty-dwa-otwory-dlugosc-15cm\/","title":{"rendered":"PDX Extreme &#8211; Masturbator dwustronny pochwa i anus cielisty, dwa otwory, d\u0142ugo\u015b\u0107 15cm"},"content":{"rendered":"<h2>Najcia\u015bniejszy i Najbardziej Realistyczny Masturbator Fanta Flesh<\/h2>\n<p>Najcia\u015bniejszy, najprzyjemniejszy i najbardziej realistyczny masturbator na rynku. Zr\u00f3\u017cnicowane tekstury wewn\u0105trz dostarcz\u0105 niesamowitych dozna\u0144.<\/p>\n<ul>\n<li>2 otwory &#8211; waginalny i analny.<\/li>\n<li>Realistyczny materia\u0142 Fanta Flesh.<\/li>\n<li>Bez ftalan\u00f3w.<\/li>\n<li>Por\u0119czny rozmiar.<\/li>\n<\/ul>\n<p>\u0141atwy w czyszczeniu &#8211; po prostu wyjmij tunel i umyj.<\/p>\n<h3>W\u0142a\u015bciwo\u015bci:<\/h3>\n<ul>\n<li>D\u0142ugo\u015b\u0107 ca\u0142kowita: 15,2 cm.<\/li>\n<li>\u015arednica: 0,7 cm.<\/li>\n<li>Materia\u0142: TPR.<\/li>\n<\/ul>\n","protected":false},"excerpt":{"rendered":"<p>Najcia\u015bniejszy i Najbardziej Realistyczny Masturbator Fanta Flesh Najcia\u015bniejszy, najprzyjemniejszy i najbardziej realistyczny masturbator na rynku. Zr\u00f3\u017cnicowane tekstury wewn\u0105trz dostarcz\u0105 niesamowitych dozna\u0144. 2 otwory &#8211; waginalny i analny. Realistyczny materia\u0142 Fanta Flesh. Bez ftalan\u00f3w. Por\u0119czny rozmiar. \u0141atwy w czyszczeniu &#8211; po prostu wyjmij tunel i umyj. W\u0142a\u015bciwo\u015bci: D\u0142ugo\u015b\u0107 ca\u0142kowita: 15,2 cm. \u015arednica: 0,7 cm. Materia\u0142: TPR.<\/p>\n","protected":false},"featured_media":12159,"template":"","meta":{"_monsterinsights_skip_tracking":false,"_monsterinsights_sitenote_active":false,"_monsterinsights_sitenote_note":"","_monsterinsights_sitenote_category":0},"product_brand":[109],"product_cat":[82,100],"product_tag":[],"class_list":{"0":"post-12164","1":"product","2":"type-product","3":"status-publish","4":"has-post-thumbnail","6":"product_brand-pipedream","7":"product_cat-sex-zabawki","8":"product_cat-masturbatory-i-pochwy","10":"first","11":"instock","12":"shipping-taxable","13":"purchasable","14":"product-type-simple"},"aioseo_notices":[],"_links":{"self":[{"href":"https:\/\/sexshop24.net\/pl\/wp-json\/wp\/v2\/product\/12164","targetHints":{"allow":["GET"]}}],"collection":[{"href":"https:\/\/sexshop24.net\/pl\/wp-json\/wp\/v2\/product"}],"about":[{"href":"https:\/\/sexshop24.net\/pl\/wp-json\/wp\/v2\/types\/product"}],"wp:featuredmedia":[{"embeddable":true,"href":"https:\/\/sexshop24.net\/pl\/wp-json\/wp\/v2\/media\/12159"}],"wp:attachment":[{"href":"https:\/\/sexshop24.net\/pl\/wp-json\/wp\/v2\/media?parent=12164"}],"wp:term":[{"taxonomy":"product_brand","embeddable":true,"href":"https:\/\/sexshop24.net\/pl\/wp-json\/wp\/v2\/product_brand?post=12164"},{"taxonomy":"product_cat","embeddable":true,"href":"https:\/\/sexshop24.net\/pl\/wp-json\/wp\/v2\/product_cat?post=12164"},{"taxonomy":"product_tag","embeddable":true,"href":"https:\/\/sexshop24.net\/pl\/wp-json\/wp\/v2\/product_tag?post=12164"}],"curies":[{"name":"wp","href":"https:\/\/api.w.org\/{rel}","templated":true}]}}