{"id":12405,"date":"2025-07-09T08:46:17","date_gmt":"2025-07-09T06:46:17","guid":{"rendered":"https:\/\/sexshop24.com\/product\/pdx-extreme-masturbator-meski-samonawilzajacy-realistyczna-pochwa-dlugosc-14cm-2\/"},"modified":"2025-08-02T12:25:30","modified_gmt":"2025-08-02T10:25:30","slug":"pdx-extreme-masturbator-meski-samonawilzajacy-realistyczna-pochwa-dlugosc-14cm-2","status":"publish","type":"product","link":"https:\/\/sexshop24.net\/pl\/product\/pdx-extreme-masturbator-meski-samonawilzajacy-realistyczna-pochwa-dlugosc-14cm-2\/","title":{"rendered":"PDX Extreme &#8211; Wet Pussies, masturbator m\u0119ski samonawil\u017caj\u0105cy realistyczna pochwa, cielista ciemna, bez obudowy, d\u0142ugo\u015b\u0107 14cm"},"content":{"rendered":"<h2>Samonawil\u017caj\u0105cy Masturbator &#8222;Water Woman&#8221; z Fanta Flesh\u00ae<\/h2>\n<p><script src=\"https:\/\/embed.voomly.com\/embed\/embed-build.js\"><\/script><\/p>\n<div class=\"voomly-embed\" data-id=\"RKp6Sjryi8yHbmx0AlhX3EgrISsHNDCfbCZIiWc1DUnGPmEwK\" data-ratio=\"1.777778\" data-type=\"v\" data-skin-color=\"rgba(33,150,243,1)\" data-shadow=\"\" style=\"width: 100%; aspect-ratio: 1.77778 \/ 1; background: linear-gradient(45deg, rgb(142, 150, 164) 0%, rgb(201, 208, 222) 100%); border-radius: 10px;\"><\/div>\n<p>Koniec z lubrykantami \u2013 wystarczy kilka kropel wody! Je\u015bli lubisz super wilgotne i \u015bliskie szparki, ten produkt jest dla ciebie.<\/p>\n<ul>\n<li>Samonawil\u017caj\u0105cy \u2013 wystarczy tylko woda.<\/li>\n<li>Super po\u015blizg.<\/li>\n<li>Realistyczny.<\/li>\n<li>Przyjemny materia\u0142 Fanta Flesh.<\/li>\n<\/ul>\n<p>Samonawil\u017caj\u0105cy masturbator \u2013 wystarczy odrobina wody i poznasz najlepszy po\u015blizg \u017cycia! Zawsze mokra, zawsze gotowa.<\/p>\n<h3>W\u0142a\u015bciwo\u015bci:<\/h3>\n<ul>\n<li>D\u0142ugo\u015b\u0107 ca\u0142kowita: 14 cm.<\/li>\n<li>D\u0142ugo\u015b\u0107 penetracyjna: 12,5 cm.<\/li>\n<\/ul>\n","protected":false},"excerpt":{"rendered":"<p>Samonawil\u017caj\u0105cy Masturbator &#8222;Water Woman&#8221; z Fanta Flesh\u00ae Koniec z lubrykantami \u2013 wystarczy kilka kropel wody! Je\u015bli lubisz super wilgotne i \u015bliskie szparki, ten produkt jest dla ciebie. Samonawil\u017caj\u0105cy \u2013 wystarczy tylko woda. Super po\u015blizg. Realistyczny. Przyjemny materia\u0142 Fanta Flesh. Samonawil\u017caj\u0105cy masturbator \u2013 wystarczy odrobina wody i poznasz najlepszy po\u015blizg \u017cycia! Zawsze mokra, zawsze gotowa. W\u0142a\u015bciwo\u015bci: [&hellip;]<\/p>\n","protected":false},"featured_media":12401,"template":"","meta":{"_monsterinsights_skip_tracking":false,"_monsterinsights_sitenote_active":false,"_monsterinsights_sitenote_note":"","_monsterinsights_sitenote_category":0},"product_brand":[109],"product_cat":[100,82],"product_tag":[111,127],"class_list":{"0":"post-12405","1":"product","2":"type-product","3":"status-publish","4":"has-post-thumbnail","6":"product_brand-pipedream","7":"product_cat-masturbatory-i-pochwy","8":"product_cat-sex-zabawki","9":"product_tag-video","10":"product_tag-wet-pussies","12":"first","13":"instock","14":"sale","15":"shipping-taxable","16":"purchasable","17":"product-type-simple"},"aioseo_notices":[],"_links":{"self":[{"href":"https:\/\/sexshop24.net\/pl\/wp-json\/wp\/v2\/product\/12405","targetHints":{"allow":["GET"]}}],"collection":[{"href":"https:\/\/sexshop24.net\/pl\/wp-json\/wp\/v2\/product"}],"about":[{"href":"https:\/\/sexshop24.net\/pl\/wp-json\/wp\/v2\/types\/product"}],"wp:featuredmedia":[{"embeddable":true,"href":"https:\/\/sexshop24.net\/pl\/wp-json\/wp\/v2\/media\/12401"}],"wp:attachment":[{"href":"https:\/\/sexshop24.net\/pl\/wp-json\/wp\/v2\/media?parent=12405"}],"wp:term":[{"taxonomy":"product_brand","embeddable":true,"href":"https:\/\/sexshop24.net\/pl\/wp-json\/wp\/v2\/product_brand?post=12405"},{"taxonomy":"product_cat","embeddable":true,"href":"https:\/\/sexshop24.net\/pl\/wp-json\/wp\/v2\/product_cat?post=12405"},{"taxonomy":"product_tag","embeddable":true,"href":"https:\/\/sexshop24.net\/pl\/wp-json\/wp\/v2\/product_tag?post=12405"}],"curies":[{"name":"wp","href":"https:\/\/api.w.org\/{rel}","templated":true}]}}