{"id":12421,"date":"2025-07-09T08:51:53","date_gmt":"2025-07-09T06:51:53","guid":{"rendered":"https:\/\/sexshop24.com\/product\/pdx-extreme-masturbator-meski-samonawilzajacy-super-mokra-sztuczna-pochwa-dlugosc-21cm\/"},"modified":"2025-08-02T14:23:11","modified_gmt":"2025-08-02T12:23:11","slug":"pdx-extreme-masturbator-meski-samonawilzajacy-super-mokra-sztuczna-pochwa-dlugosc-21cm","status":"publish","type":"product","link":"https:\/\/sexshop24.net\/pl\/product\/pdx-extreme-masturbator-meski-samonawilzajacy-super-mokra-sztuczna-pochwa-dlugosc-21cm\/","title":{"rendered":"PDX Extreme &#8211; Wet Pussies, masturbator m\u0119ski samonawil\u017caj\u0105cy realistyczna pochwa, cielista jasna, w obudowie z regulacj\u0105 ssania"},"content":{"rendered":"<h2>Wet Pussies Super Stroker &#8211; Samonawil\u017caj\u0105cy masturbator m\u0119ski<\/h2>\n<p><script src=\"https:\/\/embed.voomly.com\/embed\/embed-build.js\"><\/script><\/p>\n<div class=\"voomly-embed\" style=\"width: 100%; aspect-ratio: 1.77778 \/ 1; background: linear-gradient(45deg, #8e96a4 0%, #c9d0de 100%); border-radius: 10px;\" data-id=\"RKp6Sjryi8yHbmx0AlhX3EgrISsHNDCfbCZIiWc1DUnGPmEwK\" data-ratio=\"1.777778\" data-type=\"v\" data-skin-color=\"rgba(33,150,243,1)\" data-shadow=\"\"><\/div>\n<p>Koniec z lubrykantami &#8211; wystarczy tylko woda!<\/p>\n<p>Trafi\u0142e\u015b we w\u0142a\u015bciwe miejsce, poniewa\u017c ta pochwa ocieka ekscytacj\u0105! Przygotuj si\u0119 na niezapomnian\u0105 sesj\u0119, wk\u0142adaj\u0105c g\u0142\u0119boko w <strong>Wet Pussies Super Stroker<\/strong>. Jest samonawil\u017caj\u0105cy, co oznacza, \u017ce wystarczy odrobina wody, a Tw\u00f3j masturbator zamienia si\u0119 w stref\u0119 przyjemno\u015bci, pe\u0142n\u0105 \u015bliskiej, orgazmicznej zabawy! Zaprojektowany z realistycznymi detalami i super-stymuluj\u0105cym tunelem, mo\u017cesz by\u0107 pewien, \u017ce ta pochwa wygl\u0105da i masuje lepiej ni\u017c prawdziwa!<\/p>\n<p><strong>Wet Pussies Super Stroker<\/strong> posiada eleganck\u0105, ergonomiczn\u0105 obudow\u0119, kt\u00f3ra zar\u00f3wno chroni pochw\u0119, jak i s\u0142u\u017cy jako dyskretne miejsce do przechowywania. Ma r\u00f3wnie\u017c nasz design <strong>EZ Grip<\/strong> dla komfortu i \u0142atwego trzymania. Przesta\u0144 wi\u0119c marzy\u0107 o mokrych cipkach i zacznij si\u0119 spe\u0142nia\u0107 ju\u017c dzi\u015b!<\/p>\n<h3>Specyfikacja techniczna:<\/h3>\n<ul>\n<li>Kolor: Jasny.<\/li>\n<li>Szeroko\u015b\u0107 produktu: 9,1 cm.<\/li>\n<li>Waga produktu: 0,54 kg.<\/li>\n<li>Wysoko\u015b\u0107: z pokrywk\u0105: 21,1 cm, bez pokrywki: 21,6 cm.<\/li>\n<li>D\u0142ugo\u015b\u0107 tunelu: 16,5 cm.<\/li>\n<li>\u015arednica tunelu: rozci\u0105ga si\u0119 do ponad 7,6 cm.<\/li>\n<\/ul>\n<h3>Instrukcja czyszczenia:<\/h3>\n<p>Wewn\u0119trzna tuleja jest wyjmowana, co u\u0142atwia czyszczenie. Umyj j\u0105 antybakteryjnym \u015brodkiem czyszcz\u0105cym i ciep\u0142\u0105 wod\u0105. Osusz, a nast\u0119pnie pozostaw do ca\u0142kowitego wyschni\u0119cia na powietrzu przed schowaniem.<\/p>\n","protected":false},"excerpt":{"rendered":"<p>Wet Pussies Super Stroker &#8211; Samonawil\u017caj\u0105cy masturbator m\u0119ski Koniec z lubrykantami &#8211; wystarczy tylko woda! Trafi\u0142e\u015b we w\u0142a\u015bciwe miejsce, poniewa\u017c ta pochwa ocieka ekscytacj\u0105! Przygotuj si\u0119 na niezapomnian\u0105 sesj\u0119, wk\u0142adaj\u0105c g\u0142\u0119boko w Wet Pussies Super Stroker. Jest samonawil\u017caj\u0105cy, co oznacza, \u017ce wystarczy odrobina wody, a Tw\u00f3j masturbator zamienia si\u0119 w stref\u0119 przyjemno\u015bci, pe\u0142n\u0105 \u015bliskiej, orgazmicznej [&hellip;]<\/p>\n","protected":false},"featured_media":12416,"template":"","meta":{"_monsterinsights_skip_tracking":false,"_monsterinsights_sitenote_active":false,"_monsterinsights_sitenote_note":"","_monsterinsights_sitenote_category":0},"product_brand":[109],"product_cat":[82,100],"product_tag":[111,127],"class_list":{"0":"post-12421","1":"product","2":"type-product","3":"status-publish","4":"has-post-thumbnail","6":"product_brand-pipedream","7":"product_cat-sex-zabawki","8":"product_cat-masturbatory-i-pochwy","9":"product_tag-video","10":"product_tag-wet-pussies","12":"first","13":"instock","14":"sale","15":"shipping-taxable","16":"purchasable","17":"product-type-simple"},"aioseo_notices":[],"_links":{"self":[{"href":"https:\/\/sexshop24.net\/pl\/wp-json\/wp\/v2\/product\/12421","targetHints":{"allow":["GET"]}}],"collection":[{"href":"https:\/\/sexshop24.net\/pl\/wp-json\/wp\/v2\/product"}],"about":[{"href":"https:\/\/sexshop24.net\/pl\/wp-json\/wp\/v2\/types\/product"}],"wp:featuredmedia":[{"embeddable":true,"href":"https:\/\/sexshop24.net\/pl\/wp-json\/wp\/v2\/media\/12416"}],"wp:attachment":[{"href":"https:\/\/sexshop24.net\/pl\/wp-json\/wp\/v2\/media?parent=12421"}],"wp:term":[{"taxonomy":"product_brand","embeddable":true,"href":"https:\/\/sexshop24.net\/pl\/wp-json\/wp\/v2\/product_brand?post=12421"},{"taxonomy":"product_cat","embeddable":true,"href":"https:\/\/sexshop24.net\/pl\/wp-json\/wp\/v2\/product_cat?post=12421"},{"taxonomy":"product_tag","embeddable":true,"href":"https:\/\/sexshop24.net\/pl\/wp-json\/wp\/v2\/product_tag?post=12421"}],"curies":[{"name":"wp","href":"https:\/\/api.w.org\/{rel}","templated":true}]}}