{"id":12743,"date":"2025-07-14T22:25:23","date_gmt":"2025-07-14T20:25:23","guid":{"rendered":"https:\/\/sexshop24.com\/product\/king-cock-elite-wibrator-dwuwarstwowy-z-przyssawka-15cm-brazowy-srednica-37cm\/"},"modified":"2025-07-19T22:31:01","modified_gmt":"2025-07-19T20:31:01","slug":"king-cock-elite-wibrator-dwuwarstwowy-z-przyssawka-15cm-brazowy-srednica-37cm","status":"publish","type":"product","link":"https:\/\/sexshop24.net\/pl\/product\/king-cock-elite-wibrator-dwuwarstwowy-z-przyssawka-15cm-brazowy-srednica-37cm\/","title":{"rendered":"King Cock Elite &#8211; Wibrator dwuwarstwowy z przyssawk\u0105 15cm br\u0105zowy, \u015brednica 3,7cm"},"content":{"rendered":"<h2>Dwuwarstwowy Silikonowy Wibrator King Cock Elite<\/h2>\n<p>Dwuwarstwowy silikonowy wibrator <b>King Cock Elite<\/b> jest wykonany z wysokiej jako\u015bci silikonu o podw\u00f3jnej g\u0119sto\u015bci. Realistyczna silikonowa pow\u0142oka zewn\u0119trzna jest g\u0142adka w dotyku, podczas gdy twardy silikonowy trzon wewn\u0105trz jest sztywny jak prawdziwy penis, dzi\u0119ki czemu doznania s\u0105 bardzo realistyczne!<\/p>\n<ul>\n<li>Wysokiej jako\u015bci silikon.<\/li>\n<li>Dwuwarstwowy: na zewn\u0105trz mi\u0119kka sk\u00f3ra, a wewn\u0105trz twardy trzon.<\/li>\n<li>Niesamowicie realistyczny.<\/li>\n<li>Przyssawka.<\/li>\n<li>Kompatybilny z Body Dock oraz innymi, tradycyjnymi uprz\u0119\u017cami.<\/li>\n<li>U\u017cywa\u0107 tylko z \u017celami na bazie wody.<\/li>\n<\/ul>\n<p>Solidna przyssawka zosta\u0142a zaprojektowana z my\u015bl\u0105 o doskona\u0142ej przyczepno\u015bci, zapewniaj\u0105c wi\u0119ksz\u0105 wszechstronno\u015b\u0107 i wygod\u0119 podczas u\u017cytkowania. Opr\u00f3cz tego, \u017ce jest kompatybilna z systemem uprz\u0119\u017cy <b>Body Dock<\/b>, przyssawka zosta\u0142a zaprojektowana tak, aby w razie potrzeby wsp\u00f3\u0142pracowa\u0107 z wi\u0119kszo\u015bci\u0105 tradycyjnych uprz\u0119\u017cy.<\/p>\n<h3>W\u0142a\u015bciwo\u015bci:<\/h3>\n<ul>\n<li>D\u0142ugo\u015b\u0107: 17,8 cm.<\/li>\n<li>D\u0142ugo\u015b\u0107 penetracyjna: 15,2 cm.<\/li>\n<li>\u015arednica penetracyjna: 3,7 cm.<\/li>\n<li>\u015arednica przyssawki: 7,8 cm.<\/li>\n<li>Waga: 259 g.<\/li>\n<li>\u0141adowanie magnetyczne.<\/li>\n<li>Akumulator litowo-jonowy.<\/li>\n<li>Czas \u0142adowania: 120 min.<\/li>\n<li>Czas dzia\u0142ania: 90 min.<\/li>\n<\/ul>\n","protected":false},"excerpt":{"rendered":"<p>Dwuwarstwowy Silikonowy Wibrator King Cock Elite Dwuwarstwowy silikonowy wibrator King Cock Elite jest wykonany z wysokiej jako\u015bci silikonu o podw\u00f3jnej g\u0119sto\u015bci. Realistyczna silikonowa pow\u0142oka zewn\u0119trzna jest g\u0142adka w dotyku, podczas gdy twardy silikonowy trzon wewn\u0105trz jest sztywny jak prawdziwy penis, dzi\u0119ki czemu doznania s\u0105 bardzo realistyczne! Wysokiej jako\u015bci silikon. Dwuwarstwowy: na zewn\u0105trz mi\u0119kka sk\u00f3ra, a [&hellip;]<\/p>\n","protected":false},"featured_media":12735,"template":"","meta":{"_monsterinsights_skip_tracking":false,"_monsterinsights_sitenote_active":false,"_monsterinsights_sitenote_note":"","_monsterinsights_sitenote_category":0},"product_brand":[109],"product_cat":[82,83],"product_tag":[],"class_list":{"0":"post-12743","1":"product","2":"type-product","3":"status-publish","4":"has-post-thumbnail","6":"product_brand-pipedream","7":"product_cat-sex-zabawki","8":"product_cat-wibratory","10":"first","11":"instock","12":"shipping-taxable","13":"purchasable","14":"product-type-simple"},"aioseo_notices":[],"_links":{"self":[{"href":"https:\/\/sexshop24.net\/pl\/wp-json\/wp\/v2\/product\/12743","targetHints":{"allow":["GET"]}}],"collection":[{"href":"https:\/\/sexshop24.net\/pl\/wp-json\/wp\/v2\/product"}],"about":[{"href":"https:\/\/sexshop24.net\/pl\/wp-json\/wp\/v2\/types\/product"}],"wp:featuredmedia":[{"embeddable":true,"href":"https:\/\/sexshop24.net\/pl\/wp-json\/wp\/v2\/media\/12735"}],"wp:attachment":[{"href":"https:\/\/sexshop24.net\/pl\/wp-json\/wp\/v2\/media?parent=12743"}],"wp:term":[{"taxonomy":"product_brand","embeddable":true,"href":"https:\/\/sexshop24.net\/pl\/wp-json\/wp\/v2\/product_brand?post=12743"},{"taxonomy":"product_cat","embeddable":true,"href":"https:\/\/sexshop24.net\/pl\/wp-json\/wp\/v2\/product_cat?post=12743"},{"taxonomy":"product_tag","embeddable":true,"href":"https:\/\/sexshop24.net\/pl\/wp-json\/wp\/v2\/product_tag?post=12743"}],"curies":[{"name":"wp","href":"https:\/\/api.w.org\/{rel}","templated":true}]}}