{"id":12899,"date":"2025-07-15T15:34:52","date_gmt":"2025-07-15T13:34:52","guid":{"rendered":"https:\/\/sexshop24.com\/product\/pdx-elite-masturbator-dirty-talk-ktory-wydaje-dzwieki-mocna-przyssawka-i-10-wzorow-wibracji\/"},"modified":"2025-07-19T22:31:07","modified_gmt":"2025-07-19T20:31:07","slug":"pdx-elite-masturbator-dirty-talk-ktory-wydaje-dzwieki-mocna-przyssawka-i-10-wzorow-wibracji","status":"publish","type":"product","link":"https:\/\/sexshop24.net\/pl\/product\/pdx-elite-masturbator-dirty-talk-ktory-wydaje-dzwieki-mocna-przyssawka-i-10-wzorow-wibracji\/","title":{"rendered":"PDX Elite &#8211; Masturbator DIRTY TALK kt\u00f3ry wydaje d\u017awi\u0119ki, mocna przyssawka i 10 wzor\u00f3w wibracji"},"content":{"rendered":"<h2>Masturbator M\u0119ski PDX Elite Dirty Talk Starter Stroker \u2013 Tw\u00f3j klucz do intensywnej przyjemno\u015bci<\/h2>\n<p>Idealny dla pocz\u0105tkuj\u0105cych, PDX ELITE Dirty Talk Starter Stroker daje najwi\u0119ksz\u0105 mo\u017cliw\u0105 przyjemno\u015b\u0107. Pot\u0119\u017cne wibracje w po\u0142\u0105czeniu z nami\u0119tnymi j\u0119kami i seksownymi rozmowami przenosz\u0105 Twoje sesje masturbacji na zupe\u0142nie nowy poziom satysfakcji! Super g\u0142adki, realistyczny r\u0119kaw Fanta Flesh wy\u015bcie\u0142any masuj\u0105cymi \u017ceberkami, guzkami i przyjemnymi teksturami spe\u0142ni Twoje fantazje przy ka\u017cdym pchni\u0119ciu \u2013 dzi\u0119ki przyssawce tak\u017ce bez u\u017cycia r\u0105k.<\/p>\n<ul>\n<li>3 przyciski.<\/li>\n<li>10 wzor\u00f3w wibracji.<\/li>\n<li>Solidna obudowa z regulowan\u0105, blokowan\u0105 przyssawk\u0105.<\/li>\n<li>Wyci\u0105gany wk\u0142ad.<\/li>\n<li>Materia\u0142 Fanta Flesh \u2013 na\u015bladuje dotyk i ciep\u0142o prawdziwej sk\u00f3ry.<\/li>\n<\/ul>\n<p>Zamknij oczy i ciesz si\u0119 uwodzicielskim g\u0142osem oraz nami\u0119tnymi j\u0119kami, podczas gdy pot\u0119\u017cne wibracje stymuluj\u0105 twojego penisa przy ka\u017cdym pchni\u0119ciu.<\/p>\n<h3>Informacje:<\/h3>\n<ul>\n<li>W\u0142\u0105czanie\/wy\u0142\u0105czanie zasilania \u2013 kontroluj przyjemno\u015b\u0107 za dotkni\u0119ciem przycisku.<\/li>\n<li>Rozmowy i j\u0119ki \u2013 funkcja mowy umo\u017cliwia wypowiadanie seksownych zwrot\u00f3w i j\u0119k\u00f3w przyjemno\u015bci.<\/li>\n<li>\u0141adowanie przez USB \u2013 gotowy, kiedy tylko chcesz! \u0141atwe i wygodne \u0142adowanie zapewnia wiele godzin przyjemno\u015bci.<\/li>\n<li>Gniazdo do pod\u0142\u0105czenia s\u0142uchawek (brak s\u0142uchawek w zestawie).<\/li>\n<li>Zdejmowana i regulowana przyssawka z blokad\u0105.<\/li>\n<li>\u0141atwa obs\u0142uga za pomoc\u0105 3 przycisk\u00f3w \u2013 zapewnia kontrol\u0119 g\u0142osu i wibracji.<\/li>\n<li>Wewn\u0119trzny r\u0119kaw mo\u017cna zdj\u0105\u0107, co u\u0142atwia czyszczenie.<\/li>\n<\/ul>\n<p>Aby zachowa\u0107 oryginaln\u0105 mi\u0119kko\u015b\u0107 PDX ELITE Dirty Talk Starter Stroker, na\u0142\u00f3\u017c proszek Fanta Flesh Revive po jego wyschni\u0119ciu.<\/p>\n<h3>W\u0142a\u015bciwo\u015bci:<\/h3>\n<ul>\n<li>Czas \u0142adowania: 60 min.<\/li>\n<li>Czas dzia\u0142ania: 120 min.<\/li>\n<\/ul>\n","protected":false},"excerpt":{"rendered":"<p>Masturbator M\u0119ski PDX Elite Dirty Talk Starter Stroker \u2013 Tw\u00f3j klucz do intensywnej przyjemno\u015bci Idealny dla pocz\u0105tkuj\u0105cych, PDX ELITE Dirty Talk Starter Stroker daje najwi\u0119ksz\u0105 mo\u017cliw\u0105 przyjemno\u015b\u0107. Pot\u0119\u017cne wibracje w po\u0142\u0105czeniu z nami\u0119tnymi j\u0119kami i seksownymi rozmowami przenosz\u0105 Twoje sesje masturbacji na zupe\u0142nie nowy poziom satysfakcji! Super g\u0142adki, realistyczny r\u0119kaw Fanta Flesh wy\u015bcie\u0142any masuj\u0105cymi \u017ceberkami, [&hellip;]<\/p>\n","protected":false},"featured_media":12891,"template":"","meta":{"_monsterinsights_skip_tracking":false,"_monsterinsights_sitenote_active":false,"_monsterinsights_sitenote_note":"","_monsterinsights_sitenote_category":0},"product_brand":[109],"product_cat":[82,100],"product_tag":[],"class_list":{"0":"post-12899","1":"product","2":"type-product","3":"status-publish","4":"has-post-thumbnail","6":"product_brand-pipedream","7":"product_cat-sex-zabawki","8":"product_cat-masturbatory-i-pochwy","10":"first","11":"instock","12":"shipping-taxable","13":"purchasable","14":"product-type-simple"},"aioseo_notices":[],"_links":{"self":[{"href":"https:\/\/sexshop24.net\/pl\/wp-json\/wp\/v2\/product\/12899","targetHints":{"allow":["GET"]}}],"collection":[{"href":"https:\/\/sexshop24.net\/pl\/wp-json\/wp\/v2\/product"}],"about":[{"href":"https:\/\/sexshop24.net\/pl\/wp-json\/wp\/v2\/types\/product"}],"wp:featuredmedia":[{"embeddable":true,"href":"https:\/\/sexshop24.net\/pl\/wp-json\/wp\/v2\/media\/12891"}],"wp:attachment":[{"href":"https:\/\/sexshop24.net\/pl\/wp-json\/wp\/v2\/media?parent=12899"}],"wp:term":[{"taxonomy":"product_brand","embeddable":true,"href":"https:\/\/sexshop24.net\/pl\/wp-json\/wp\/v2\/product_brand?post=12899"},{"taxonomy":"product_cat","embeddable":true,"href":"https:\/\/sexshop24.net\/pl\/wp-json\/wp\/v2\/product_cat?post=12899"},{"taxonomy":"product_tag","embeddable":true,"href":"https:\/\/sexshop24.net\/pl\/wp-json\/wp\/v2\/product_tag?post=12899"}],"curies":[{"name":"wp","href":"https:\/\/api.w.org\/{rel}","templated":true}]}}