{"id":12913,"date":"2025-07-15T18:54:06","date_gmt":"2025-07-15T16:54:06","guid":{"rendered":"https:\/\/sexshop24.com\/product\/pdx-elite-automatyczny-masturbator-rotujacy-i-dzwiekowy-talk-dirty-rotobator-7-trybow-stymulacji-rotacyjnej\/"},"modified":"2025-07-19T22:31:09","modified_gmt":"2025-07-19T20:31:09","slug":"pdx-elite-automatyczny-masturbator-rotujacy-i-dzwiekowy-talk-dirty-rotobator-7-trybow-stymulacji-rotacyjnej","status":"publish","type":"product","link":"https:\/\/sexshop24.net\/pl\/product\/pdx-elite-automatyczny-masturbator-rotujacy-i-dzwiekowy-talk-dirty-rotobator-7-trybow-stymulacji-rotacyjnej\/","title":{"rendered":"PDX Elite &#8211; Automatyczny masturbator rotuj\u0105cy i d\u017awi\u0119kowy Talk Dirty Rotobator, 7 tryb\u00f3w stymulacji rotacyjnej"},"content":{"rendered":"<h2>Masturbator M\u0119ski Rotobator PDX Elite Talk Dirty \u2013 Prawdziwa innowacja w masturbacji!<\/h2>\n<p>Poznaj prawdziw\u0105 innowacj\u0119 w masturbacji! Rotobator PDX ELITE Talk Dirty oferuje seksowne rozmowy, j\u0119ki i wyj\u0105tkowo stymuluj\u0105c\u0105 rotacj\u0119, a wszystko to w kompaktowej obudowie. Dodanie elementu uwodzicielskich d\u017awi\u0119k\u00f3w wzmacnia przyjemno\u015b\u0107 ka\u017cdej sesji masturbacji, a wygodne gniazdo s\u0142uchawkowe pozwala na zachowanie prywatno\u015bci.<\/p>\n<p>Talk Dirty Rotobator posiada zaawansowany mechanizm obrotowy, kt\u00f3ry owija si\u0119 wok\u00f3\u0142 wra\u017cliwych obszar\u00f3w penisa. Elastyczny otw\u00f3r dobrze dopasowuje si\u0119 do kszta\u0142tu cia\u0142a, a przy ka\u017cdym automatycznym obrocie super mi\u0119kkie wypustki w r\u0119kawie dra\u017cni\u0105 i stymuluj\u0105 za jednym naci\u015bni\u0119ciem przycisku. Por\u0119czna konstrukcja idealnie nadaje si\u0119 do podr\u00f3\u017cy i przechowywania.<\/p>\n<ul>\n<li>OBR\u00d3T \u2013 ten w pe\u0142ni zautomatyzowany masturbator oferuje 7 ekscytuj\u0105cych wzor\u00f3w rotacji do wyboru.<\/li>\n<li>ROZMOWA I J\u0118KI \u2013 sugestywne rozmowy o seksie zapewniaj\u0105 silnie erotyczne i zmys\u0142owe do\u015bwiadczenie.<\/li>\n<li>OBS\u0141UGA 3 PRZYCISKAMI \u2013 kontroluj swoj\u0105 najwy\u017csz\u0105 przyjemno\u015b\u0107 za naci\u015bni\u0119ciem jednego przycisku.<\/li>\n<li>\u0141ADOWANIE PRZEZ USB \u2013 gotowe, kiedy tylko chcesz! \u0141atwe i wygodne \u0142adowanie zapewnia wiele godzin przyjemno\u015bci. Ka\u017cdy rotobator PDX ELITE Talk Dirty zawiera przew\u00f3d USB umo\u017cliwiaj\u0105cy wygodne \u0142adowanie.<\/li>\n<li>GNIAZDO S\u0141UCHAWKOWE \u2013 s\u0142uchaj prywatnie, pod\u0142\u0105czaj\u0105c s\u0142uchawki do spodu.<\/li>\n<li>EZ GRIP \u2013 ergonomiczna konstrukcja uchwytu ma matow\u0105 powierzchni\u0119 i cienkie rowki, kt\u00f3re zapewniaj\u0105 solidny chwyt.<\/li>\n<li>PROSTA OBS\u0141UGA 3 PRZYCISKAMI \u2013 bardzo mocny silnik akumulatorowy zapewnia kontrol\u0119 g\u0142osow\u0105 i obrotow\u0105.<\/li>\n<li>SPINNING ACTION \u2013 oferuje 7 satysfakcjonuj\u0105cych wzorc\u00f3w rotacji w dw\u00f3ch kierunkach.<\/li>\n<li>TOPPER REALISTYCZNY \u2013 elastyczne usta \u015bci\u015ble przylegaj\u0105 do cia\u0142a.<\/li>\n<\/ul>\n<h3>W\u0142\u0105czanie\/Wy\u0142\u0105czanie:<\/h3>\n<p>Naci\u015bnij i przytrzymaj przycisk zasilania, aby zainicjowa\u0107 zasilanie. Naci\u015bnij i przytrzymaj, aby wy\u0142\u0105czy\u0107.<\/p>\n<ul>\n<li>OBR\u00d3T: Naci\u015bnij i przytrzymaj przycisk obrotu, aby w\u0142\u0105czy\u0107 obr\u00f3t. Naci\u015bnij ponownie, aby prze\u0142\u0105cza\u0107 pomi\u0119dzy 7 wzorami rotacji, w tym opcjami rotacji wstecznej.<\/li>\n<li>D\u0179WI\u0118KI: Naci\u015bnij i przytrzymaj ikon\u0119 g\u0142o\u015bnika, aby rozpocz\u0105\u0107 obs\u0142ug\u0119 g\u0142osow\u0105.<\/li>\n<\/ul>\n","protected":false},"excerpt":{"rendered":"<p>Masturbator M\u0119ski Rotobator PDX Elite Talk Dirty \u2013 Prawdziwa innowacja w masturbacji! Poznaj prawdziw\u0105 innowacj\u0119 w masturbacji! Rotobator PDX ELITE Talk Dirty oferuje seksowne rozmowy, j\u0119ki i wyj\u0105tkowo stymuluj\u0105c\u0105 rotacj\u0119, a wszystko to w kompaktowej obudowie. Dodanie elementu uwodzicielskich d\u017awi\u0119k\u00f3w wzmacnia przyjemno\u015b\u0107 ka\u017cdej sesji masturbacji, a wygodne gniazdo s\u0142uchawkowe pozwala na zachowanie prywatno\u015bci. Talk Dirty [&hellip;]<\/p>\n","protected":false},"featured_media":12905,"template":"","meta":{"_monsterinsights_skip_tracking":false,"_monsterinsights_sitenote_active":false,"_monsterinsights_sitenote_note":"","_monsterinsights_sitenote_category":0},"product_brand":[109],"product_cat":[82,100],"product_tag":[],"class_list":{"0":"post-12913","1":"product","2":"type-product","3":"status-publish","4":"has-post-thumbnail","6":"product_brand-pipedream","7":"product_cat-sex-zabawki","8":"product_cat-masturbatory-i-pochwy","10":"first","11":"instock","12":"shipping-taxable","13":"purchasable","14":"product-type-simple"},"aioseo_notices":[],"_links":{"self":[{"href":"https:\/\/sexshop24.net\/pl\/wp-json\/wp\/v2\/product\/12913","targetHints":{"allow":["GET"]}}],"collection":[{"href":"https:\/\/sexshop24.net\/pl\/wp-json\/wp\/v2\/product"}],"about":[{"href":"https:\/\/sexshop24.net\/pl\/wp-json\/wp\/v2\/types\/product"}],"wp:featuredmedia":[{"embeddable":true,"href":"https:\/\/sexshop24.net\/pl\/wp-json\/wp\/v2\/media\/12905"}],"wp:attachment":[{"href":"https:\/\/sexshop24.net\/pl\/wp-json\/wp\/v2\/media?parent=12913"}],"wp:term":[{"taxonomy":"product_brand","embeddable":true,"href":"https:\/\/sexshop24.net\/pl\/wp-json\/wp\/v2\/product_brand?post=12913"},{"taxonomy":"product_cat","embeddable":true,"href":"https:\/\/sexshop24.net\/pl\/wp-json\/wp\/v2\/product_cat?post=12913"},{"taxonomy":"product_tag","embeddable":true,"href":"https:\/\/sexshop24.net\/pl\/wp-json\/wp\/v2\/product_tag?post=12913"}],"curies":[{"name":"wp","href":"https:\/\/api.w.org\/{rel}","templated":true}]}}