{"id":12942,"date":"2025-07-16T13:02:01","date_gmt":"2025-07-16T11:02:01","guid":{"rendered":"https:\/\/sexshop24.com\/product\/pdx-elite-masturbator-cock-compressor-z-wibracja-10-trybow-mocna-przyssawka-oraz-funkcja-sciskania-i-ssania-penisa-5-poziomow\/"},"modified":"2025-07-19T22:31:13","modified_gmt":"2025-07-19T20:31:13","slug":"pdx-elite-masturbator-cock-compressor-z-wibracja-10-trybow-mocna-przyssawka-oraz-funkcja-sciskania-i-ssania-penisa-5-poziomow","status":"publish","type":"product","link":"https:\/\/sexshop24.net\/pl\/product\/pdx-elite-masturbator-cock-compressor-z-wibracja-10-trybow-mocna-przyssawka-oraz-funkcja-sciskania-i-ssania-penisa-5-poziomow\/","title":{"rendered":"PDX Elite &#8211; Masturbator Cock Compressor z wibracj\u0105 10 tryb\u00f3w, mocn\u0105 przyssawk\u0105 oraz funkcj\u0105 \u015bciskania i ssania penisa 5 poziom\u00f3w"},"content":{"rendered":"<h2>Masturbator z Wibracj\u0105, Przyssawk\u0105 i Funkcj\u0105 \u015aciskania Penisa<\/h2>\n<p>Masturbator z wibracj\u0105, przyssawk\u0105 oraz funkcj\u0105 \u015bciskania penisa. Specjalna poduszka powietrzna otula twojego penisa i w zale\u017cno\u015bci od regulacji \u015bciska go mocniej lub s\u0142abiej. Wewn\u0119trzna tekstura masuje, dodaj\u0105c wra\u017ce\u0144 \u2013 a je\u015bli jeszcze ci ma\u0142o, za\u0142\u0105cz wibracje! Gdy chcesz mie\u0107 wolne r\u0119ce, zamocuj masturbator na dowolnej g\u0142adkiej, odt\u0142uszczonej powierzchni i ciesz si\u0119 doznaniami!<\/p>\n<ul>\n<li>5 poziom\u00f3w \u015bciskania.<\/li>\n<li>10 tryb\u00f3w wibracji.<\/li>\n<li>Ssanie.<\/li>\n<li>Realistyczny materia\u0142 Fanta Flesh.<\/li>\n<li>Regulowana przyssawka.<\/li>\n<li>Wn\u0119trze ze stymuluj\u0105c\u0105 struktur\u0105.<\/li>\n<li>Innowacyjna technologia poduszek powietrznych.<\/li>\n<li>Wszystkimi funkcjami mo\u017cna sterowa\u0107 oddzielnie za pomoc\u0105 jednego przycisku.<\/li>\n<\/ul>\n<h3>W\u0142a\u015bciwo\u015bci:<\/h3>\n<ul>\n<li>D\u0142ugo\u015b\u0107: 21 cm.<\/li>\n<li>Materia\u0142: TPR, ABS.<\/li>\n<li>Kabel USB w zestawie.<\/li>\n<\/ul>\n","protected":false},"excerpt":{"rendered":"<p>Masturbator z Wibracj\u0105, Przyssawk\u0105 i Funkcj\u0105 \u015aciskania Penisa Masturbator z wibracj\u0105, przyssawk\u0105 oraz funkcj\u0105 \u015bciskania penisa. Specjalna poduszka powietrzna otula twojego penisa i w zale\u017cno\u015bci od regulacji \u015bciska go mocniej lub s\u0142abiej. Wewn\u0119trzna tekstura masuje, dodaj\u0105c wra\u017ce\u0144 \u2013 a je\u015bli jeszcze ci ma\u0142o, za\u0142\u0105cz wibracje! Gdy chcesz mie\u0107 wolne r\u0119ce, zamocuj masturbator na dowolnej g\u0142adkiej, [&hellip;]<\/p>\n","protected":false},"featured_media":12937,"template":"","meta":{"_monsterinsights_skip_tracking":false,"_monsterinsights_sitenote_active":false,"_monsterinsights_sitenote_note":"","_monsterinsights_sitenote_category":0},"product_brand":[109],"product_cat":[82,100],"product_tag":[],"class_list":{"0":"post-12942","1":"product","2":"type-product","3":"status-publish","4":"has-post-thumbnail","6":"product_brand-pipedream","7":"product_cat-sex-zabawki","8":"product_cat-masturbatory-i-pochwy","10":"first","11":"instock","12":"shipping-taxable","13":"purchasable","14":"product-type-simple"},"aioseo_notices":[],"_links":{"self":[{"href":"https:\/\/sexshop24.net\/pl\/wp-json\/wp\/v2\/product\/12942","targetHints":{"allow":["GET"]}}],"collection":[{"href":"https:\/\/sexshop24.net\/pl\/wp-json\/wp\/v2\/product"}],"about":[{"href":"https:\/\/sexshop24.net\/pl\/wp-json\/wp\/v2\/types\/product"}],"wp:featuredmedia":[{"embeddable":true,"href":"https:\/\/sexshop24.net\/pl\/wp-json\/wp\/v2\/media\/12937"}],"wp:attachment":[{"href":"https:\/\/sexshop24.net\/pl\/wp-json\/wp\/v2\/media?parent=12942"}],"wp:term":[{"taxonomy":"product_brand","embeddable":true,"href":"https:\/\/sexshop24.net\/pl\/wp-json\/wp\/v2\/product_brand?post=12942"},{"taxonomy":"product_cat","embeddable":true,"href":"https:\/\/sexshop24.net\/pl\/wp-json\/wp\/v2\/product_cat?post=12942"},{"taxonomy":"product_tag","embeddable":true,"href":"https:\/\/sexshop24.net\/pl\/wp-json\/wp\/v2\/product_tag?post=12942"}],"curies":[{"name":"wp","href":"https:\/\/api.w.org\/{rel}","templated":true}]}}