{"id":7755,"date":"2025-04-06T11:56:18","date_gmt":"2025-04-06T10:56:18","guid":{"rendered":"https:\/\/masazprostaty.pl\/product\/zel-nawilzajacy-swiss-navy-analny-wodny-59ml-bardzo-gesty\/"},"modified":"2025-08-09T14:25:25","modified_gmt":"2025-08-09T12:25:25","slug":"zel-nawilzajacy-swiss-navy-analny-wodny-59ml-bardzo-gesty","status":"publish","type":"product","link":"https:\/\/sexshop24.net\/pl\/product\/zel-nawilzajacy-swiss-navy-analny-wodny-59ml-bardzo-gesty\/","title":{"rendered":"\u017bel nawil\u017caj\u0105cy Swiss Navy analny wodny 59ml, bardzo g\u0119sty"},"content":{"rendered":"<p><strong>\u017bel nawil\u017caj\u0105cy analny wodny premium &#8211; Super G\u0119sty<\/strong><\/p>\n<ul>\n<li style=\"list-style-type: none;\">\n<ul>\n<li>\u017cel nawil\u017caj\u0105cy na bazie wody, mo\u017ce by\u0107 u\u017cywany z gad\u017cetami silikonowymi<\/li>\n<li>w\u0142a\u015bciwo\u015bci relaksuj\u0105ce dzi\u0119ki go\u017adzikowi<\/li>\n<li>wystarcza na d\u0142ugo \/ nie wch\u0142ania si\u0119<\/li>\n<\/ul>\n<\/li>\n<\/ul>\n<p>Lubrykant analny Premium zapewnia maksymaln\u0105 satysfakcj\u0119 seksualn\u0105 i wzmaga przyjemno\u015b\u0107 stosunku. Bezzapachowy lubrykant wodny z olejkiem z go\u017adzika eliminuje dyskomfort zostawiaj\u0105c Was tylko z rozkosz\u0105.<\/p>\n<p><strong>Sk\u0142ad:<\/strong> Water, Glycerin, Propylene Glycol, Hydroxyethylcellulose, PEG-40 Hydrogenated Castor Oil, Sodium Benzoate, Diazolidinyl Urea, Acesulfame Potassium, Potassium Sorbateand Citric Acid<\/p>\n<ul>\n<li>Mo\u017cna stosowa\u0107 z prezerwatywami.<\/li>\n<\/ul>\n<p>MD Science Lab SWISS NAVY \u2013 firm\u0119 z kilkunastoletnim do\u015bwiadczeniem &#8211; tworzy zesp\u00f3\u0142 oddanych labolatorant\u00f3w i badaczy, kt\u00f3rzy pracuj\u0105 nad tym, by w najwy\u017cszej jako\u015bci warunkach komponowa\u0107 produkty, kt\u00f3re b\u0119d\u0105 zgodne z ameryka\u0144skimi i mi\u0119dzynarodowymi standardami. Program kontroli jako\u015bci przewiduje pe\u0142n\u0105 analiz\u0119 ka\u017cdej partii produktu na kolejnych etapach produkcji i odr\u0119bn\u0105 certyfikacj\u0119 ka\u017cdej z analizowanych partii. MD Science Lab SWISS NAVY oddany jest in\u017cynierii i produkcji rewolucyjnych, naturalnych wzmacniaczy intymnych &#8211; prze\u0142omowe produkty, kt\u00f3re doskonale pasuj\u0105 do<br \/>\nwsp\u00f3\u0142czesnego stylu \u017cycia, skutecznie pomagaj\u0105 rozpala\u0107 nami\u0119tno\u015bci klient\u00f3w marki.<\/p>\n<p>Produkty tworzone w USA sprzedawane s\u0105 ju\u017c teraz w 43 krajach, poprzez dystrybutor\u00f3w, kt\u00f3rzy pomagaj\u0105 odbiorcom dopasowa\u0107 produkty i korzysta\u0107 z ich pomoc\u0105 z pe\u0142ni swojego \u017cycia, niezale\u017cnie od wieku. SWISS NAVY przyci\u0105ga uwag\u0119<br \/>\nklient\u00f3w r\u00f3\u017cnorodno\u015bci\u0105 pojemno\u015bci produkt\u00f3w, \u0142\u0105cznie z najmniejszymi pojemno\u015bciami 20 ml, opatentowanym wygodnym w u\u017cyciu, nieciekn\u0105cym systemem pompuj\u0105cym oraz estetycznymi, neutralnymi opakowaniami.<\/p>\n","protected":false},"excerpt":{"rendered":"<p>\u017bel nawil\u017caj\u0105cy analny wodny premium &#8211; Super G\u0119sty \u017cel nawil\u017caj\u0105cy na bazie wody, mo\u017ce by\u0107 u\u017cywany z gad\u017cetami silikonowymi w\u0142a\u015bciwo\u015bci relaksuj\u0105ce dzi\u0119ki go\u017adzikowi wystarcza na d\u0142ugo \/ nie wch\u0142ania si\u0119 Lubrykant analny Premium zapewnia maksymaln\u0105 satysfakcj\u0119 seksualn\u0105 i wzmaga przyjemno\u015b\u0107 stosunku. Bezzapachowy lubrykant wodny z olejkiem z go\u017adzika eliminuje dyskomfort zostawiaj\u0105c Was tylko z rozkosz\u0105. [&hellip;]<\/p>\n","protected":false},"featured_media":7754,"template":"","meta":{"_monsterinsights_skip_tracking":false,"_monsterinsights_sitenote_active":false,"_monsterinsights_sitenote_note":"","_monsterinsights_sitenote_category":0},"product_brand":[72],"product_cat":[87,90],"product_tag":[],"class_list":{"0":"post-7755","1":"product","2":"type-product","3":"status-publish","4":"has-post-thumbnail","6":"product_brand-swiss-navy","7":"product_cat-afrodyzjaki-i-zele","8":"product_cat-zele-nawilzajace-lubrykanty","10":"first","11":"instock","12":"shipping-taxable","13":"purchasable","14":"product-type-simple"},"aioseo_notices":[],"_links":{"self":[{"href":"https:\/\/sexshop24.net\/pl\/wp-json\/wp\/v2\/product\/7755","targetHints":{"allow":["GET"]}}],"collection":[{"href":"https:\/\/sexshop24.net\/pl\/wp-json\/wp\/v2\/product"}],"about":[{"href":"https:\/\/sexshop24.net\/pl\/wp-json\/wp\/v2\/types\/product"}],"wp:featuredmedia":[{"embeddable":true,"href":"https:\/\/sexshop24.net\/pl\/wp-json\/wp\/v2\/media\/7754"}],"wp:attachment":[{"href":"https:\/\/sexshop24.net\/pl\/wp-json\/wp\/v2\/media?parent=7755"}],"wp:term":[{"taxonomy":"product_brand","embeddable":true,"href":"https:\/\/sexshop24.net\/pl\/wp-json\/wp\/v2\/product_brand?post=7755"},{"taxonomy":"product_cat","embeddable":true,"href":"https:\/\/sexshop24.net\/pl\/wp-json\/wp\/v2\/product_cat?post=7755"},{"taxonomy":"product_tag","embeddable":true,"href":"https:\/\/sexshop24.net\/pl\/wp-json\/wp\/v2\/product_tag?post=7755"}],"curies":[{"name":"wp","href":"https:\/\/api.w.org\/{rel}","templated":true}]}}