{"id":8539,"date":"2025-06-15T16:23:59","date_gmt":"2025-06-15T14:23:59","guid":{"rendered":"https:\/\/sexshop24.com\/product\/king-cock-clear-dildo-z-przyssawka-i-jadrami-19cm-przezroczyste-2\/"},"modified":"2025-07-18T12:24:40","modified_gmt":"2025-07-18T10:24:40","slug":"king-cock-clear-dildo-z-przyssawka-i-jadrami-19cm-przezroczyste-2","status":"publish","type":"product","link":"https:\/\/sexshop24.net\/pl\/product\/king-cock-clear-dildo-z-przyssawka-i-jadrami-19cm-przezroczyste-2\/","title":{"rendered":"King Cock Clear &#8211; Dildo z przyssawk\u0105 i j\u0105drami 19cm przezroczyste"},"content":{"rendered":"<p><strong>Dildo King Cock Clear<\/strong> \u2013 zdecydowanie najlepsze! Praktycznie bezwonne, nieklej\u0105ce i \u0142atwe do czyszczenia.<\/p>\n<ul>\n<li>Niesamowicie przejrzysty materia\u0142<\/li>\n<li>Realistyczny wygl\u0105d<\/li>\n<li>Przyssawka<\/li>\n<li>Kompatybilne z uprz\u0119\u017c\u0105<\/li>\n<\/ul>\n<p><strong>King Cock Clear<\/strong> \u0142\u0105czy w sobie p\u00f3\u0142przezroczyste dildo z realistycznym wygl\u0105dem penisa. \u015awietlista klarowno\u015b\u0107 i realistyczna forma spe\u0142ni\u0105 wszystkie Twoje fantazje! Dzi\u0119ki elastycznemu trzonowi, szczeg\u00f3\u0142owym \u017cy\u0142om i wyrze\u017abionej g\u0142\u00f3wce, King Cock Clear zaanga\u017cuje Twoje zmys\u0142y wizualnie i fizycznie. Mocna podstawa z przyssawk\u0105 przylega do niemal ka\u017cdej p\u0142askiej powierzchni i sprawia, \u017ce ka\u017cda uprz\u0105\u017c typu strap-on jest kompatybilna.<\/p>\n<ul>\n<li>D\u0142ugo\u015b\u0107 ca\u0142kowita: 19 cm<\/li>\n<li>D\u0142ugo\u015b\u0107 penetracyjna: 15,2 cm<\/li>\n<li>\u015arednica: 4,5 cm<\/li>\n<li>Wodoodporny<\/li>\n<li>Materia\u0142: TPE<\/li>\n<\/ul>\n","protected":false},"excerpt":{"rendered":"<p>Dildo King Cock Clear \u2013 zdecydowanie najlepsze! Praktycznie bezwonne, nieklej\u0105ce i \u0142atwe do czyszczenia. Niesamowicie przejrzysty materia\u0142 Realistyczny wygl\u0105d Przyssawka Kompatybilne z uprz\u0119\u017c\u0105 King Cock Clear \u0142\u0105czy w sobie p\u00f3\u0142przezroczyste dildo z realistycznym wygl\u0105dem penisa. \u015awietlista klarowno\u015b\u0107 i realistyczna forma spe\u0142ni\u0105 wszystkie Twoje fantazje! Dzi\u0119ki elastycznemu trzonowi, szczeg\u00f3\u0142owym \u017cy\u0142om i wyrze\u017abionej g\u0142\u00f3wce, King Cock Clear [&hellip;]<\/p>\n","protected":false},"featured_media":8537,"template":"","meta":{"_monsterinsights_skip_tracking":false,"_monsterinsights_sitenote_active":false,"_monsterinsights_sitenote_note":"","_monsterinsights_sitenote_category":0},"product_brand":[109],"product_cat":[104,82],"product_tag":[],"class_list":{"0":"post-8539","1":"product","2":"type-product","3":"status-publish","4":"has-post-thumbnail","6":"product_brand-pipedream","7":"product_cat-dilda-i-penisy","8":"product_cat-sex-zabawki","10":"first","11":"instock","12":"shipping-taxable","13":"purchasable","14":"product-type-simple"},"aioseo_notices":[],"_links":{"self":[{"href":"https:\/\/sexshop24.net\/pl\/wp-json\/wp\/v2\/product\/8539","targetHints":{"allow":["GET"]}}],"collection":[{"href":"https:\/\/sexshop24.net\/pl\/wp-json\/wp\/v2\/product"}],"about":[{"href":"https:\/\/sexshop24.net\/pl\/wp-json\/wp\/v2\/types\/product"}],"wp:featuredmedia":[{"embeddable":true,"href":"https:\/\/sexshop24.net\/pl\/wp-json\/wp\/v2\/media\/8537"}],"wp:attachment":[{"href":"https:\/\/sexshop24.net\/pl\/wp-json\/wp\/v2\/media?parent=8539"}],"wp:term":[{"taxonomy":"product_brand","embeddable":true,"href":"https:\/\/sexshop24.net\/pl\/wp-json\/wp\/v2\/product_brand?post=8539"},{"taxonomy":"product_cat","embeddable":true,"href":"https:\/\/sexshop24.net\/pl\/wp-json\/wp\/v2\/product_cat?post=8539"},{"taxonomy":"product_tag","embeddable":true,"href":"https:\/\/sexshop24.net\/pl\/wp-json\/wp\/v2\/product_tag?post=8539"}],"curies":[{"name":"wp","href":"https:\/\/api.w.org\/{rel}","templated":true}]}}