{"id":8562,"date":"2025-06-15T18:11:09","date_gmt":"2025-06-15T16:11:09","guid":{"rendered":"https:\/\/sexshop24.com\/product\/pump-worx-pompka-do-penisa-prozniowa-dla-poczatkujacych-z-wibratorem\/"},"modified":"2025-07-19T22:26:05","modified_gmt":"2025-07-19T20:26:05","slug":"pump-worx-pompka-do-penisa-prozniowa-dla-poczatkujacych-z-wibratorem","status":"publish","type":"product","link":"https:\/\/sexshop24.net\/pl\/product\/pump-worx-pompka-do-penisa-prozniowa-dla-poczatkujacych-z-wibratorem\/","title":{"rendered":"Pump Worx &#8211; Pompka do penisa pr\u00f3\u017cniowa dla pocz\u0105tkuj\u0105cych z wibratorem"},"content":{"rendered":"<p><strong>Idealna pompka dla pocz\u0105tkuj\u0105cych i nie tylko!<\/strong> Beginner&#8217;s Power Pump to \u015bwietny wyb\u00f3r zar\u00f3wno dla tych, kt\u00f3rzy dopiero zaczynaj\u0105 swoj\u0105 przygod\u0119 z gad\u017cetami do \u0107wicze\u0144 erekcji, jak i dla do\u015bwiadczonych u\u017cytkownik\u00f3w ceni\u0105cych prostot\u0119 oraz skuteczno\u015b\u0107 dzia\u0142ania. Dzi\u0119ki pompowaniu oraz funkcji wibracji uzyskasz mocniejsz\u0105 i trwalsz\u0105 erekcj\u0119 \u2013 bez efekt\u00f3w ubocznych!<\/p>\n<p><strong>Najwa\u017cniejsze cechy:<\/strong><\/p>\n<ul>\n<li>Pompuje i ssie \u2013 wspomaga erekcj\u0119<\/li>\n<li>Wibracje dla dodatkowej stymulacji<\/li>\n<li>Prosta i intuicyjna obs\u0142uga<\/li>\n<li>Idealna zar\u00f3wno dla pocz\u0105tkuj\u0105cych, jak i zaawansowanych<\/li>\n<\/ul>\n<p><strong>Parametry techniczne:<\/strong><\/p>\n<ul>\n<li>D\u0142ugo\u015b\u0107 ca\u0142kowita: 195 mm<\/li>\n<li>Szeroko\u015b\u0107: 59 mm<\/li>\n<li>Wysoko\u015b\u0107: 59 mm<\/li>\n<li>\u015arednica wewn\u0119trzna: 53 mm<\/li>\n<li>D\u0142ugo\u015b\u0107 tuby ss\u0105cej: 190 mm<\/li>\n<\/ul>\n<p><strong>W zestawie:<\/strong><\/p>\n<ul>\n<li>Lubrykant<\/li>\n<li>\u015arodek czyszcz\u0105cy do gad\u017cet\u00f3w<\/li>\n<\/ul>\n<p><strong>Opakowanie:<\/strong><\/p>\n<ul>\n<li>Wymiary pude\u0142ka: 8 x 9 x 37 cm<\/li>\n<li>Waga: 337 g<\/li>\n<\/ul>\n<p><strong>Specyfikacja:<\/strong><\/p>\n<ul>\n<li>Materia\u0142: plastik ABS, akryl, guma TPR<\/li>\n<li>Zasilanie: 2x bateria AA (brak w zestawie)<\/li>\n<\/ul>\n<p><strong>Ostrze\u017cenie:<\/strong><br \/> D\u0142ugotrwa\u0142e lub zbyt cz\u0119ste u\u017cywanie pompki mo\u017ce prowadzi\u0107 do p\u0119kni\u0119cia naczy\u0144 krwiono\u015bnych, powstawania krwiak\u00f3w lub krwotoku. Nie nale\u017cy stosowa\u0107 w przypadku chor\u00f3b takich jak priapizm, zw\u0119\u017cenie cewki moczowej czy choroba Peyroniego. Produkt przeznaczony wy\u0142\u0105cznie dla os\u00f3b doros\u0142ych.<\/p>\n","protected":false},"excerpt":{"rendered":"<p>Idealna pompka dla pocz\u0105tkuj\u0105cych i nie tylko! Beginner&#8217;s Power Pump to \u015bwietny wyb\u00f3r zar\u00f3wno dla tych, kt\u00f3rzy dopiero zaczynaj\u0105 swoj\u0105 przygod\u0119 z gad\u017cetami do \u0107wicze\u0144 erekcji, jak i dla do\u015bwiadczonych u\u017cytkownik\u00f3w ceni\u0105cych prostot\u0119 oraz skuteczno\u015b\u0107 dzia\u0142ania. Dzi\u0119ki pompowaniu oraz funkcji wibracji uzyskasz mocniejsz\u0105 i trwalsz\u0105 erekcj\u0119 \u2013 bez efekt\u00f3w ubocznych! Najwa\u017cniejsze cechy: Pompuje i ssie [&hellip;]<\/p>\n","protected":false},"featured_media":8560,"template":"","meta":{"_monsterinsights_skip_tracking":false,"_monsterinsights_sitenote_active":false,"_monsterinsights_sitenote_note":"","_monsterinsights_sitenote_category":0},"product_brand":[109],"product_cat":[98,82],"product_tag":[],"class_list":{"0":"post-8562","1":"product","2":"type-product","3":"status-publish","4":"has-post-thumbnail","6":"product_brand-pipedream","7":"product_cat-pompki","8":"product_cat-sex-zabawki","10":"first","11":"instock","12":"shipping-taxable","13":"purchasable","14":"product-type-simple"},"aioseo_notices":[],"_links":{"self":[{"href":"https:\/\/sexshop24.net\/pl\/wp-json\/wp\/v2\/product\/8562","targetHints":{"allow":["GET"]}}],"collection":[{"href":"https:\/\/sexshop24.net\/pl\/wp-json\/wp\/v2\/product"}],"about":[{"href":"https:\/\/sexshop24.net\/pl\/wp-json\/wp\/v2\/types\/product"}],"wp:featuredmedia":[{"embeddable":true,"href":"https:\/\/sexshop24.net\/pl\/wp-json\/wp\/v2\/media\/8560"}],"wp:attachment":[{"href":"https:\/\/sexshop24.net\/pl\/wp-json\/wp\/v2\/media?parent=8562"}],"wp:term":[{"taxonomy":"product_brand","embeddable":true,"href":"https:\/\/sexshop24.net\/pl\/wp-json\/wp\/v2\/product_brand?post=8562"},{"taxonomy":"product_cat","embeddable":true,"href":"https:\/\/sexshop24.net\/pl\/wp-json\/wp\/v2\/product_cat?post=8562"},{"taxonomy":"product_tag","embeddable":true,"href":"https:\/\/sexshop24.net\/pl\/wp-json\/wp\/v2\/product_tag?post=8562"}],"curies":[{"name":"wp","href":"https:\/\/api.w.org\/{rel}","templated":true}]}}