{"id":9079,"date":"2025-06-16T22:23:04","date_gmt":"2025-06-16T20:23:04","guid":{"rendered":"https:\/\/sexshop24.com\/product\/king-cock-dildo-z-przyssawka-realistyczne-18-cm-czarne\/"},"modified":"2025-07-19T22:26:53","modified_gmt":"2025-07-19T20:26:53","slug":"king-cock-dildo-z-przyssawka-realistyczne-18-cm-czarne","status":"publish","type":"product","link":"https:\/\/sexshop24.net\/pl\/product\/king-cock-dildo-z-przyssawka-realistyczne-18-cm-czarne\/","title":{"rendered":"King Cock &#8211; Dildo z przyssawk\u0105 realistyczne 18 cm czarne"},"content":{"rendered":"<h2>Realistyczne dildo King Cock \u2013 klasyk gatunku<\/h2>\n<p>\n    Realistyczne dildo King Cock to klasyk gatunku. Doskona\u0142e proporcje i rozmiar dodaj\u0105 realizmu temu niezwyk\u0142emu gad\u017cetowi, kt\u00f3ry zaspokoi fantazje wszystkich os\u00f3b ceni\u0105cych sobie klasyczne dilda.\n<\/p>\n<h3>Kluczowe cechy:<\/h3>\n<ul>\n<li>Wyrze\u017abiona g\u0142\u00f3wka<\/li>\n<li>\u017bylasty trzon<\/li>\n<li>Realistyczny wygl\u0105d i faktura<\/li>\n<\/ul>\n<h3>Poczuj prawdziwy realizm:<\/h3>\n<p>\n    Idealny rozmiar pozwala poczu\u0107 wszystko to, co odczuwasz podczas penetracji z prawdziwym kochankiem. Je\u015bli realizm to Twoje ciastko, si\u0119gnij po Dildo King Cock.\n<\/p>\n<h3>Wymiary:<\/h3>\n<ul>\n<li>D\u0142ugo\u015b\u0107 ca\u0142kowita: 18 cm<\/li>\n<li>D\u0142ugo\u015b\u0107 penetracyjna: 17 cm<\/li>\n<li>\u015arednica: 4,1 cm&nbsp;<\/li>\n<li>Waga: 226 g<\/li>\n<li>Materia\u0142: PVC<\/li>\n<\/ul>\n","protected":false},"excerpt":{"rendered":"<p>Realistyczne dildo King Cock \u2013 klasyk gatunku Realistyczne dildo King Cock to klasyk gatunku. Doskona\u0142e proporcje i rozmiar dodaj\u0105 realizmu temu niezwyk\u0142emu gad\u017cetowi, kt\u00f3ry zaspokoi fantazje wszystkich os\u00f3b ceni\u0105cych sobie klasyczne dilda. Kluczowe cechy: Wyrze\u017abiona g\u0142\u00f3wka \u017bylasty trzon Realistyczny wygl\u0105d i faktura Poczuj prawdziwy realizm: Idealny rozmiar pozwala poczu\u0107 wszystko to, co odczuwasz podczas penetracji [&hellip;]<\/p>\n","protected":false},"featured_media":9074,"template":"","meta":{"_monsterinsights_skip_tracking":false,"_monsterinsights_sitenote_active":false,"_monsterinsights_sitenote_note":"","_monsterinsights_sitenote_category":0},"product_brand":[109],"product_cat":[104,82],"product_tag":[],"class_list":{"0":"post-9079","1":"product","2":"type-product","3":"status-publish","4":"has-post-thumbnail","6":"product_brand-pipedream","7":"product_cat-dilda-i-penisy","8":"product_cat-sex-zabawki","10":"first","11":"instock","12":"shipping-taxable","13":"purchasable","14":"product-type-simple"},"aioseo_notices":[],"_links":{"self":[{"href":"https:\/\/sexshop24.net\/pl\/wp-json\/wp\/v2\/product\/9079","targetHints":{"allow":["GET"]}}],"collection":[{"href":"https:\/\/sexshop24.net\/pl\/wp-json\/wp\/v2\/product"}],"about":[{"href":"https:\/\/sexshop24.net\/pl\/wp-json\/wp\/v2\/types\/product"}],"wp:featuredmedia":[{"embeddable":true,"href":"https:\/\/sexshop24.net\/pl\/wp-json\/wp\/v2\/media\/9074"}],"wp:attachment":[{"href":"https:\/\/sexshop24.net\/pl\/wp-json\/wp\/v2\/media?parent=9079"}],"wp:term":[{"taxonomy":"product_brand","embeddable":true,"href":"https:\/\/sexshop24.net\/pl\/wp-json\/wp\/v2\/product_brand?post=9079"},{"taxonomy":"product_cat","embeddable":true,"href":"https:\/\/sexshop24.net\/pl\/wp-json\/wp\/v2\/product_cat?post=9079"},{"taxonomy":"product_tag","embeddable":true,"href":"https:\/\/sexshop24.net\/pl\/wp-json\/wp\/v2\/product_tag?post=9079"}],"curies":[{"name":"wp","href":"https:\/\/api.w.org\/{rel}","templated":true}]}}