{"id":9088,"date":"2025-06-16T22:23:53","date_gmt":"2025-06-16T20:23:53","guid":{"rendered":"https:\/\/sexshop24.com\/product\/king-cock-uprzaz-z-dildem-strap-on-realistyczny-20-cm-cieliste\/"},"modified":"2025-08-01T14:26:23","modified_gmt":"2025-08-01T12:26:23","slug":"king-cock-uprzaz-z-dildem-strap-on-realistyczny-20-cm-cieliste","status":"publish","type":"product","link":"https:\/\/sexshop24.net\/pl\/product\/king-cock-uprzaz-z-dildem-strap-on-realistyczny-20-cm-cieliste\/","title":{"rendered":"King Cock &#8211; Uprz\u0105\u017c z dildem strap-on realistyczny  20 cm cieliste"},"content":{"rendered":"<h2>Uprz\u0105\u017c strap-on z realistycznym dildem King Cock \u2013 klasyk gatunku<\/h2>\n<p>\n    Uprz\u0105\u017c strap-on z realistycznym dildem King Cock to prawdziwy klasyk. Doskona\u0142e proporcje i rozmiar dodaj\u0105 realizmu temu niezwyk\u0142emu gad\u017cetowi, kt\u00f3ry zaspokoi fantazje wszystkich os\u00f3b ceni\u0105cych sobie klasyczne dilda.\n<\/p>\n<p>\n    Idealny rozmiar pozwala poczu\u0107 wszystko to, co odczuwasz podczas penetracji z prawdziwym kochankiem. Je\u015bli realizm to co\u015b dla Ciebie, si\u0119gnij po Dildo King Cock.\n<\/p>\n<h3>W\u0142a\u015bciwo\u015bci dilda:<\/h3>\n<ul>\n<li>Przyssawka<\/li>\n<li>Wodoodporne<\/li>\n<li>Mo\u017ce by\u0107 u\u017cywane samodzielnie<\/li>\n<li>Materia\u0142: TPE \/ Fanta Flesh<\/li>\n<\/ul>\n<p>\n    Ka\u017cda \u017cy\u0142ka na realistycznym trzonie i \u017co\u0142\u0105d\u017a cz\u0142onka zosta\u0142y pieczo\u0142owicie ukszta\u0142towane, \u017ceby dawa\u0107 jak najprawdziwsze i ekscytuj\u0105ce doznania. Szeroka przyssawka pasuje do uprz\u0119\u017cy, ale mo\u017ce by\u0107 swobodnie u\u017cywana na ka\u017cdej p\u0142askiej, g\u0142adkiej powierzchni, umo\u017cliwiaj\u0105c zamocowanie dildo do cudownej zabawy! Winylowa uprz\u0105\u017c trzyma wszystko na miejscu, nawet je\u015bli temperatura zabawy znacz\u0105co si\u0119 podniesie. Specjalnie zaprojektowane paski otulaj\u0105 ka\u017cdy kszta\u0142t cia\u0142a, zapewniaj\u0105c komfortowe dopasowanie. Pasek pasuje do talii do 132 cm.\n<\/p>\n<h3>Konserwacja:<\/h3>\n<p>\n    Myj specjalnym sprayem do czyszczenia gad\u017cet\u00f3w erotycznych. Mo\u017cna my\u0107 delikatnie ciep\u0142\u0105 wod\u0105 i suszy\u0107 roz\u0142o\u017cone na p\u0142asko.\n<\/p>\n<h3>Wymiary:<\/h3>\n<ul>\n<li>D\u0142ugo\u015b\u0107: 20 cm<\/li>\n<\/ul>\n","protected":false},"excerpt":{"rendered":"<p>Uprz\u0105\u017c strap-on z realistycznym dildem King Cock \u2013 klasyk gatunku Uprz\u0105\u017c strap-on z realistycznym dildem King Cock to prawdziwy klasyk. Doskona\u0142e proporcje i rozmiar dodaj\u0105 realizmu temu niezwyk\u0142emu gad\u017cetowi, kt\u00f3ry zaspokoi fantazje wszystkich os\u00f3b ceni\u0105cych sobie klasyczne dilda. Idealny rozmiar pozwala poczu\u0107 wszystko to, co odczuwasz podczas penetracji z prawdziwym kochankiem. Je\u015bli realizm to co\u015b [&hellip;]<\/p>\n","protected":false},"featured_media":9080,"template":"","meta":{"_monsterinsights_skip_tracking":false,"_monsterinsights_sitenote_active":false,"_monsterinsights_sitenote_note":"","_monsterinsights_sitenote_category":0},"product_brand":[109],"product_cat":[82,95],"product_tag":[],"class_list":{"0":"post-9088","1":"product","2":"type-product","3":"status-publish","4":"has-post-thumbnail","6":"product_brand-pipedream","7":"product_cat-sex-zabawki","8":"product_cat-strap-on-i-pegging","10":"first","11":"instock","12":"shipping-taxable","13":"purchasable","14":"product-type-simple"},"aioseo_notices":[],"_links":{"self":[{"href":"https:\/\/sexshop24.net\/pl\/wp-json\/wp\/v2\/product\/9088","targetHints":{"allow":["GET"]}}],"collection":[{"href":"https:\/\/sexshop24.net\/pl\/wp-json\/wp\/v2\/product"}],"about":[{"href":"https:\/\/sexshop24.net\/pl\/wp-json\/wp\/v2\/types\/product"}],"wp:featuredmedia":[{"embeddable":true,"href":"https:\/\/sexshop24.net\/pl\/wp-json\/wp\/v2\/media\/9080"}],"wp:attachment":[{"href":"https:\/\/sexshop24.net\/pl\/wp-json\/wp\/v2\/media?parent=9088"}],"wp:term":[{"taxonomy":"product_brand","embeddable":true,"href":"https:\/\/sexshop24.net\/pl\/wp-json\/wp\/v2\/product_brand?post=9088"},{"taxonomy":"product_cat","embeddable":true,"href":"https:\/\/sexshop24.net\/pl\/wp-json\/wp\/v2\/product_cat?post=9088"},{"taxonomy":"product_tag","embeddable":true,"href":"https:\/\/sexshop24.net\/pl\/wp-json\/wp\/v2\/product_tag?post=9088"}],"curies":[{"name":"wp","href":"https:\/\/api.w.org\/{rel}","templated":true}]}}